{"id":4145,"date":"2022-07-02T19:12:09","date_gmt":"2022-07-03T00:12:09","guid":{"rendered":"https:\/\/itp.edu.ec\/?page_id=4145"},"modified":"2024-07-03T09:21:07","modified_gmt":"2024-07-03T14:21:07","slug":"contacto","status":"publish","type":"page","link":"https:\/\/itp.edu.ec\/en\/contacto\/","title":{"rendered":"Contact"},"content":{"rendered":"<div data-elementor-type=\"wp-post\" data-elementor-id=\"4145\" class=\"elementor elementor-4145\" data-elementor-post-type=\"page\">\n\t\t\t\t\t\t<section class=\"elementor-section elementor-top-section elementor-element elementor-element-15590da elementor-section-stretched elementor-section-height-min-height elementor-section-boxed elementor-section-height-default elementor-section-items-middle\" data-id=\"15590da\" data-element_type=\"section\" data-e-type=\"section\" data-settings=\"{&quot;stretch_section&quot;:&quot;section-stretched&quot;,&quot;background_background&quot;:&quot;classic&quot;}\">\n\t\t\t\t\t\t\t<div class=\"elementor-background-overlay\"><\/div>\n\t\t\t\t\t\t\t<div class=\"elementor-container elementor-column-gap-default\">\n\t\t\t\t\t<div class=\"elementor-column elementor-col-100 elementor-top-column elementor-element elementor-element-bea36e0\" data-id=\"bea36e0\" data-element_type=\"column\" data-e-type=\"column\" data-settings=\"{&quot;coursector_ext_hide_logged_in&quot;:&quot;false&quot;}\">\n\t\t\t<div class=\"elementor-widget-wrap elementor-element-populated\">\n\t\t\t\t\t\t<section class=\"elementor-section elementor-inner-section elementor-element elementor-element-27dda71 elementor-section-boxed elementor-section-height-default elementor-section-height-default\" data-id=\"27dda71\" data-element_type=\"section\" data-e-type=\"section\">\n\t\t\t\t\t\t<div class=\"elementor-container elementor-column-gap-default\">\n\t\t\t\t\t<div class=\"elementor-column elementor-col-50 elementor-inner-column elementor-element elementor-element-5bbc658\" data-id=\"5bbc658\" data-element_type=\"column\" data-e-type=\"column\" data-settings=\"{&quot;coursector_ext_hide_logged_in&quot;:&quot;false&quot;}\">\n\t\t\t<div class=\"elementor-widget-wrap elementor-element-populated\">\n\t\t\t\t\t\t<div class=\"elementor-element elementor-element-1542a7f elementor-widget elementor-widget-heading\" data-id=\"1542a7f\" data-element_type=\"widget\" data-e-type=\"widget\" data-settings=\"{&quot;coursector_ext_hide_logged_in&quot;:&quot;false&quot;}\" data-widget_type=\"heading.default\">\n\t\t\t\t<div class=\"elementor-widget-container\">\n\t\t\t\t\t<h1 class=\"elementor-heading-title elementor-size-default\">Contact<\/h1>\t\t\t\t<\/div>\n\t\t\t\t<\/div>\n\t\t\t\t<div class=\"elementor-element elementor-element-a7f16fb elementor-widget elementor-widget-heading\" data-id=\"a7f16fb\" data-element_type=\"widget\" data-e-type=\"widget\" data-settings=\"{&quot;coursector_ext_hide_logged_in&quot;:&quot;false&quot;}\" data-widget_type=\"heading.default\">\n\t\t\t\t<div class=\"elementor-widget-container\">\n\t\t\t\t\t<h2 class=\"elementor-heading-title elementor-size-default\">Escr\u00edbenos,<br>\nVis\u00edtanos o Ll\u00e1manos<\/h2>\t\t\t\t<\/div>\n\t\t\t\t<\/div>\n\t\t\t\t\t<\/div>\n\t\t<\/div>\n\t\t\t\t<div class=\"elementor-column elementor-col-50 elementor-inner-column elementor-element elementor-element-11d473b\" data-id=\"11d473b\" data-element_type=\"column\" data-e-type=\"column\" data-settings=\"{&quot;coursector_ext_hide_logged_in&quot;:&quot;false&quot;}\">\n\t\t\t<div class=\"elementor-widget-wrap elementor-element-populated\">\n\t\t\t\t\t\t<div class=\"elementor-element elementor-element-a74da59 elementor-widget elementor-widget-text-editor\" data-id=\"a74da59\" data-element_type=\"widget\" data-e-type=\"widget\" data-settings=\"{&quot;coursector_ext_hide_logged_in&quot;:&quot;false&quot;}\" data-widget_type=\"text-editor.default\">\n\t\t\t\t<div class=\"elementor-widget-container\">\n\t\t\t\t\t\t\t\t\t<p>Instructores nacionales e internacionales con experiencia en proyectos de construcci\u00f3n, operaci\u00f3n petrolera y miner\u00eda.<\/p>\t\t\t\t\t\t\t\t<\/div>\n\t\t\t\t<\/div>\n\t\t\t\t\t<\/div>\n\t\t<\/div>\n\t\t\t\t\t<\/div>\n\t\t<\/section>\n\t\t\t\t\t<\/div>\n\t\t<\/div>\n\t\t\t\t\t<\/div>\n\t\t<\/section>\n\t\t\t\t<section class=\"elementor-section elementor-top-section elementor-element elementor-element-0b74a02 elementor-section-stretched elementor-section-full_width elementor-section-height-min-height elementor-section-height-default elementor-section-items-middle\" data-id=\"0b74a02\" data-element_type=\"section\" data-e-type=\"section\" data-settings=\"{&quot;stretch_section&quot;:&quot;section-stretched&quot;,&quot;background_background&quot;:&quot;classic&quot;}\">\n\t\t\t\t\t\t\t<div class=\"elementor-background-overlay\"><\/div>\n\t\t\t\t\t\t\t<div class=\"elementor-container elementor-column-gap-extended\">\n\t\t\t\t\t<div class=\"elementor-column elementor-col-50 elementor-top-column elementor-element elementor-element-64e2953\" data-id=\"64e2953\" data-element_type=\"column\" data-e-type=\"column\" data-settings=\"{&quot;coursector_ext_hide_logged_in&quot;:&quot;false&quot;}\">\n\t\t\t<div class=\"elementor-widget-wrap elementor-element-populated\">\n\t\t\t\t\t\t<div class=\"elementor-element elementor-element-d2fe977 elementor-widget__width-initial elementor-widget elementor-widget-image\" data-id=\"d2fe977\" data-element_type=\"widget\" data-e-type=\"widget\" data-settings=\"{&quot;coursector_ext_hide_logged_in&quot;:&quot;false&quot;}\" data-widget_type=\"image.default\">\n\t\t\t\t<div class=\"elementor-widget-container\">\n\t\t\t\t\t\t\t\t\t\t\t\t\t\t\t<img fetchpriority=\"high\" decoding=\"async\" width=\"1024\" height=\"768\" src=\"https:\/\/itp.edu.ec\/wp-content\/uploads\/2024\/02\/instituto.jpeg\" class=\"attachment-large size-large wp-image-11681\" alt=\"\" srcset=\"https:\/\/itp.edu.ec\/wp-content\/uploads\/2024\/02\/instituto.jpeg 1024w, https:\/\/itp.edu.ec\/wp-content\/uploads\/2024\/02\/instituto-600x450.jpeg 600w, https:\/\/itp.edu.ec\/wp-content\/uploads\/2024\/02\/instituto-300x225.jpeg 300w, https:\/\/itp.edu.ec\/wp-content\/uploads\/2024\/02\/instituto-768x576.jpeg 768w, https:\/\/itp.edu.ec\/wp-content\/uploads\/2024\/02\/instituto-440x330.jpeg 440w\" sizes=\"(max-width: 1024px) 100vw, 1024px\" \/>\t\t\t\t\t\t\t\t\t\t\t\t\t\t\t<\/div>\n\t\t\t\t<\/div>\n\t\t\t\t\t<\/div>\n\t\t<\/div>\n\t\t\t\t<div class=\"elementor-column elementor-col-50 elementor-top-column elementor-element elementor-element-e51ba5e\" data-id=\"e51ba5e\" data-element_type=\"column\" data-e-type=\"column\" data-settings=\"{&quot;coursector_ext_hide_logged_in&quot;:&quot;false&quot;}\">\n\t\t\t<div class=\"elementor-widget-wrap elementor-element-populated\">\n\t\t\t\t\t\t<div class=\"elementor-element elementor-element-3845192 elementor-widget elementor-widget-heading\" data-id=\"3845192\" data-element_type=\"widget\" data-e-type=\"widget\" data-settings=\"{&quot;coursector_ext_hide_logged_in&quot;:&quot;false&quot;}\" data-widget_type=\"heading.default\">\n\t\t\t\t<div class=\"elementor-widget-container\">\n\t\t\t\t\t<h2 class=\"elementor-heading-title elementor-size-default\">Escr\u00edbenos<\/h2>\t\t\t\t<\/div>\n\t\t\t\t<\/div>\n\t\t\t\t\t<\/div>\n\t\t<\/div>\n\t\t\t\t\t<\/div>\n\t\t<\/section>\n\t\t\t\t<section class=\"elementor-section elementor-top-section elementor-element elementor-element-7fe32b4 elementor-section-boxed elementor-section-height-default elementor-section-height-default\" data-id=\"7fe32b4\" data-element_type=\"section\" data-e-type=\"section\">\n\t\t\t\t\t\t<div class=\"elementor-container elementor-column-gap-default\">\n\t\t\t\t\t<div class=\"elementor-column elementor-col-100 elementor-top-column elementor-element elementor-element-1e42f23\" data-id=\"1e42f23\" data-element_type=\"column\" data-e-type=\"column\" data-settings=\"{&quot;coursector_ext_hide_logged_in&quot;:&quot;false&quot;}\">\n\t\t\t<div class=\"elementor-widget-wrap elementor-element-populated\">\n\t\t\t\t\t\t<div class=\"elementor-element elementor-element-d836aeb elementor-widget-divider--view-line elementor-widget elementor-widget-divider\" data-id=\"d836aeb\" data-element_type=\"widget\" data-e-type=\"widget\" data-settings=\"{&quot;coursector_ext_hide_logged_in&quot;:&quot;false&quot;}\" data-widget_type=\"divider.default\">\n\t\t\t\t<div class=\"elementor-widget-container\">\n\t\t\t\t\t\t\t<div class=\"elementor-divider\">\n\t\t\t<span class=\"elementor-divider-separator\">\n\t\t\t\t\t\t<\/span>\n\t\t<\/div>\n\t\t\t\t\t\t<\/div>\n\t\t\t\t<\/div>\n\t\t\t\t\t<\/div>\n\t\t<\/div>\n\t\t\t\t\t<\/div>\n\t\t<\/section>\n\t\t\t\t<section class=\"elementor-section elementor-top-section elementor-element elementor-element-0925e00 elementor-section-full_width elementor-section-stretched elementor-section-height-default elementor-section-height-default\" data-id=\"0925e00\" data-element_type=\"section\" data-e-type=\"section\" data-settings=\"{&quot;stretch_section&quot;:&quot;section-stretched&quot;}\">\n\t\t\t\t\t\t<div class=\"elementor-container elementor-column-gap-no\">\n\t\t\t\t\t<div class=\"elementor-column elementor-col-100 elementor-top-column elementor-element elementor-element-563017c\" data-id=\"563017c\" data-element_type=\"column\" data-e-type=\"column\" data-settings=\"{&quot;coursector_ext_hide_logged_in&quot;:&quot;false&quot;}\">\n\t\t\t<div class=\"elementor-widget-wrap elementor-element-populated\">\n\t\t\t\t\t\t<div class=\"elementor-element elementor-element-ceadd40 elementor-widget elementor-widget-google_maps\" data-id=\"ceadd40\" data-element_type=\"widget\" data-e-type=\"widget\" data-settings=\"{&quot;coursector_ext_hide_logged_in&quot;:&quot;false&quot;}\" data-widget_type=\"google_maps.default\">\n\t\t\t\t<div class=\"elementor-widget-container\">\n\t\t\t\t\t\t\t<div class=\"elementor-custom-embed\">\n\t\t\t<iframe loading=\"lazy\"\n\t\t\t\t\tsrc=\"https:\/\/maps.google.com\/maps?q=Av.%20Gaspar%20de%20Villarroel%20E10-121%20y%20Av.%206%20de%20Diciembre&#038;t=m&#038;z=15&#038;output=embed&#038;iwloc=near\"\n\t\t\t\t\ttitle=\"Av. Gaspar de Villarroel E10-121 y Av. 6 de Diciembre\"\n\t\t\t\t\taria-label=\"Av. Gaspar de Villarroel E10-121 y Av. 6 de Diciembre\"\n\t\t\t><\/iframe>\n\t\t<\/div>\n\t\t\t\t\t\t<\/div>\n\t\t\t\t<\/div>\n\t\t\t\t\t<\/div>\n\t\t<\/div>\n\t\t\t\t\t<\/div>\n\t\t<\/section>\n\t\t\t\t<\/div>","protected":false},"excerpt":{"rendered":"<p>Contacto Escr\u00edbenos, Vis\u00edtanos o Ll\u00e1manos Instructores nacionales e internacionales con experiencia en proyectos de construcci\u00f3n, operaci\u00f3n petrolera y miner\u00eda. Escr\u00edbenos [&hellip;]<\/p>\n","protected":false},"author":1,"featured_media":0,"parent":0,"menu_order":0,"comment_status":"closed","ping_status":"closed","template":"","meta":{"nf_dc_page":"","content-type":"","_joinchat":[],"footnotes":""},"class_list":["post-4145","page","type-page","status-publish","hentry"],"yoast_head":"<!-- This site is optimized with the Yoast SEO Premium plugin v22.9 (Yoast SEO v27.4) - https:\/\/yoast.com\/product\/yoast-seo-premium-wordpress\/ -->\n<title>Contacto - Instituto T\u00e9cnico del Petr\u00f3leo Minas e Industrias<\/title>\n<meta name=\"robots\" content=\"index, follow, max-snippet:-1, max-image-preview:large, max-video-preview:-1\" \/>\n<link rel=\"canonical\" href=\"https:\/\/itp.edu.ec\/en\/contacto\/\" \/>\n<meta property=\"og:locale\" content=\"en_US\" \/>\n<meta property=\"og:type\" content=\"article\" \/>\n<meta property=\"og:title\" content=\"Contacto\" \/>\n<meta property=\"og:description\" content=\"Contacto Escr\u00edbenos, Vis\u00edtanos o Ll\u00e1manos Instructores nacionales e internacionales con experiencia en proyectos de construcci\u00f3n, operaci\u00f3n petrolera y miner\u00eda. Escr\u00edbenos [&hellip;]\" \/>\n<meta property=\"og:url\" content=\"https:\/\/itp.edu.ec\/en\/contacto\/\" \/>\n<meta property=\"og:site_name\" content=\"Instituto T\u00e9cnico del Petr\u00f3leo Minas e Industrias\" \/>\n<meta property=\"article:modified_time\" content=\"2024-07-03T14:21:07+00:00\" \/>\n<meta property=\"og:image\" content=\"https:\/\/itp.edu.ec\/wp-content\/uploads\/2024\/02\/instituto.jpeg\" \/>\n<meta name=\"twitter:card\" content=\"summary_large_image\" \/>\n<meta name=\"twitter:label1\" content=\"Est. reading time\" \/>\n\t<meta name=\"twitter:data1\" content=\"2 minutes\" \/>\n<script type=\"application\/ld+json\" class=\"yoast-schema-graph\">{\"@context\":\"https:\\\/\\\/schema.org\",\"@graph\":[{\"@type\":\"WebPage\",\"@id\":\"https:\\\/\\\/itp.edu.ec\\\/contacto\\\/\",\"url\":\"https:\\\/\\\/itp.edu.ec\\\/contacto\\\/\",\"name\":\"Contacto - Instituto T\u00e9cnico del Petr\u00f3leo Minas e Industrias\",\"isPartOf\":{\"@id\":\"https:\\\/\\\/itp.edu.ec\\\/#website\"},\"primaryImageOfPage\":{\"@id\":\"https:\\\/\\\/itp.edu.ec\\\/contacto\\\/#primaryimage\"},\"image\":{\"@id\":\"https:\\\/\\\/itp.edu.ec\\\/contacto\\\/#primaryimage\"},\"thumbnailUrl\":\"https:\\\/\\\/itp.edu.ec\\\/wp-content\\\/uploads\\\/2024\\\/02\\\/instituto.jpeg\",\"datePublished\":\"2022-07-03T00:12:09+00:00\",\"dateModified\":\"2024-07-03T14:21:07+00:00\",\"breadcrumb\":{\"@id\":\"https:\\\/\\\/itp.edu.ec\\\/contacto\\\/#breadcrumb\"},\"inLanguage\":\"en-US\",\"potentialAction\":[{\"@type\":\"ReadAction\",\"target\":[\"https:\\\/\\\/itp.edu.ec\\\/contacto\\\/\"]}]},{\"@type\":\"ImageObject\",\"inLanguage\":\"en-US\",\"@id\":\"https:\\\/\\\/itp.edu.ec\\\/contacto\\\/#primaryimage\",\"url\":\"https:\\\/\\\/itp.edu.ec\\\/wp-content\\\/uploads\\\/2024\\\/02\\\/instituto.jpeg\",\"contentUrl\":\"https:\\\/\\\/itp.edu.ec\\\/wp-content\\\/uploads\\\/2024\\\/02\\\/instituto.jpeg\"},{\"@type\":\"BreadcrumbList\",\"@id\":\"https:\\\/\\\/itp.edu.ec\\\/contacto\\\/#breadcrumb\",\"itemListElement\":[{\"@type\":\"ListItem\",\"position\":1,\"name\":\"Portada\",\"item\":\"https:\\\/\\\/itp.edu.ec\\\/\"},{\"@type\":\"ListItem\",\"position\":2,\"name\":\"Contacto\"}]},{\"@type\":\"WebSite\",\"@id\":\"https:\\\/\\\/itp.edu.ec\\\/#website\",\"url\":\"https:\\\/\\\/itp.edu.ec\\\/\",\"name\":\"Instituto T\u00e9cnico del Petr\u00f3leo Minas e Industrias\",\"description\":\"Cursos de especialidades en Petr\u00f3leo, Minas e Industrias\",\"publisher\":{\"@id\":\"https:\\\/\\\/itp.edu.ec\\\/#organization\"},\"potentialAction\":[{\"@type\":\"SearchAction\",\"target\":{\"@type\":\"EntryPoint\",\"urlTemplate\":\"https:\\\/\\\/itp.edu.ec\\\/?s={search_term_string}\"},\"query-input\":{\"@type\":\"PropertyValueSpecification\",\"valueRequired\":true,\"valueName\":\"search_term_string\"}}],\"inLanguage\":\"en-US\"},{\"@type\":\"Organization\",\"@id\":\"https:\\\/\\\/itp.edu.ec\\\/#organization\",\"name\":\"Instituto T\u00e9cnico del Petr\u00f3leo Minas e Industrias\",\"url\":\"https:\\\/\\\/itp.edu.ec\\\/\",\"logo\":{\"@type\":\"ImageObject\",\"inLanguage\":\"en-US\",\"@id\":\"https:\\\/\\\/itp.edu.ec\\\/#\\\/schema\\\/logo\\\/image\\\/\",\"url\":\"https:\\\/\\\/itp.edu.ec\\\/wp-content\\\/uploads\\\/2022\\\/06\\\/logo_ITP_dark.png\",\"contentUrl\":\"https:\\\/\\\/itp.edu.ec\\\/wp-content\\\/uploads\\\/2022\\\/06\\\/logo_ITP_dark.png\",\"width\":205,\"height\":90,\"caption\":\"Instituto T\u00e9cnico del Petr\u00f3leo Minas e Industrias\"},\"image\":{\"@id\":\"https:\\\/\\\/itp.edu.ec\\\/#\\\/schema\\\/logo\\\/image\\\/\"}}]}<\/script>\n<!-- \/ Yoast SEO Premium plugin. -->","yoast_head_json":{"title":"Contacto - Instituto T\u00e9cnico del Petr\u00f3leo Minas e Industrias","robots":{"index":"index","follow":"follow","max-snippet":"max-snippet:-1","max-image-preview":"max-image-preview:large","max-video-preview":"max-video-preview:-1"},"canonical":"https:\/\/itp.edu.ec\/en\/contacto\/","og_locale":"en_US","og_type":"article","og_title":"Contacto","og_description":"Contacto Escr\u00edbenos, Vis\u00edtanos o Ll\u00e1manos Instructores nacionales e internacionales con experiencia en proyectos de construcci\u00f3n, operaci\u00f3n petrolera y miner\u00eda. Escr\u00edbenos [&hellip;]","og_url":"https:\/\/itp.edu.ec\/en\/contacto\/","og_site_name":"Instituto T\u00e9cnico del Petr\u00f3leo Minas e Industrias","article_modified_time":"2024-07-03T14:21:07+00:00","og_image":[{"url":"https:\/\/itp.edu.ec\/wp-content\/uploads\/2024\/02\/instituto.jpeg","type":"","width":"","height":""}],"twitter_card":"summary_large_image","twitter_misc":{"Est. reading time":"2 minutes"},"schema":{"@context":"https:\/\/schema.org","@graph":[{"@type":"WebPage","@id":"https:\/\/itp.edu.ec\/contacto\/","url":"https:\/\/itp.edu.ec\/contacto\/","name":"Contacto - Instituto T\u00e9cnico del Petr\u00f3leo Minas e Industrias","isPartOf":{"@id":"https:\/\/itp.edu.ec\/#website"},"primaryImageOfPage":{"@id":"https:\/\/itp.edu.ec\/contacto\/#primaryimage"},"image":{"@id":"https:\/\/itp.edu.ec\/contacto\/#primaryimage"},"thumbnailUrl":"https:\/\/itp.edu.ec\/wp-content\/uploads\/2024\/02\/instituto.jpeg","datePublished":"2022-07-03T00:12:09+00:00","dateModified":"2024-07-03T14:21:07+00:00","breadcrumb":{"@id":"https:\/\/itp.edu.ec\/contacto\/#breadcrumb"},"inLanguage":"en-US","potentialAction":[{"@type":"ReadAction","target":["https:\/\/itp.edu.ec\/contacto\/"]}]},{"@type":"ImageObject","inLanguage":"en-US","@id":"https:\/\/itp.edu.ec\/contacto\/#primaryimage","url":"https:\/\/itp.edu.ec\/wp-content\/uploads\/2024\/02\/instituto.jpeg","contentUrl":"https:\/\/itp.edu.ec\/wp-content\/uploads\/2024\/02\/instituto.jpeg"},{"@type":"BreadcrumbList","@id":"https:\/\/itp.edu.ec\/contacto\/#breadcrumb","itemListElement":[{"@type":"ListItem","position":1,"name":"Portada","item":"https:\/\/itp.edu.ec\/"},{"@type":"ListItem","position":2,"name":"Contacto"}]},{"@type":"WebSite","@id":"https:\/\/itp.edu.ec\/#website","url":"https:\/\/itp.edu.ec\/","name":"Instituto T\u00e9cnico del Petr\u00f3leo Minas e Industrias","description":"Cursos de especialidades en Petr\u00f3leo, Minas e Industrias","publisher":{"@id":"https:\/\/itp.edu.ec\/#organization"},"potentialAction":[{"@type":"SearchAction","target":{"@type":"EntryPoint","urlTemplate":"https:\/\/itp.edu.ec\/?s={search_term_string}"},"query-input":{"@type":"PropertyValueSpecification","valueRequired":true,"valueName":"search_term_string"}}],"inLanguage":"en-US"},{"@type":"Organization","@id":"https:\/\/itp.edu.ec\/#organization","name":"Instituto T\u00e9cnico del Petr\u00f3leo Minas e Industrias","url":"https:\/\/itp.edu.ec\/","logo":{"@type":"ImageObject","inLanguage":"en-US","@id":"https:\/\/itp.edu.ec\/#\/schema\/logo\/image\/","url":"https:\/\/itp.edu.ec\/wp-content\/uploads\/2022\/06\/logo_ITP_dark.png","contentUrl":"https:\/\/itp.edu.ec\/wp-content\/uploads\/2022\/06\/logo_ITP_dark.png","width":205,"height":90,"caption":"Instituto T\u00e9cnico del Petr\u00f3leo Minas e Industrias"},"image":{"@id":"https:\/\/itp.edu.ec\/#\/schema\/logo\/image\/"}}]}},"_links":{"self":[{"href":"https:\/\/itp.edu.ec\/en\/wp-json\/wp\/v2\/pages\/4145","targetHints":{"allow":["GET"]}}],"collection":[{"href":"https:\/\/itp.edu.ec\/en\/wp-json\/wp\/v2\/pages"}],"about":[{"href":"https:\/\/itp.edu.ec\/en\/wp-json\/wp\/v2\/types\/page"}],"author":[{"embeddable":true,"href":"https:\/\/itp.edu.ec\/en\/wp-json\/wp\/v2\/users\/1"}],"replies":[{"embeddable":true,"href":"https:\/\/itp.edu.ec\/en\/wp-json\/wp\/v2\/comments?post=4145"}],"version-history":[{"count":5,"href":"https:\/\/itp.edu.ec\/en\/wp-json\/wp\/v2\/pages\/4145\/revisions"}],"predecessor-version":[{"id":15881,"href":"https:\/\/itp.edu.ec\/en\/wp-json\/wp\/v2\/pages\/4145\/revisions\/15881"}],"wp:attachment":[{"href":"https:\/\/itp.edu.ec\/en\/wp-json\/wp\/v2\/media?parent=4145"}],"curies":[{"name":"wp","href":"https:\/\/api.w.org\/{rel}","templated":true}]}}