{"id":13590,"date":"2024-06-20T11:51:33","date_gmt":"2024-06-20T16:51:33","guid":{"rendered":"https:\/\/itp.edu.ec\/?page_id=13590"},"modified":"2024-07-03T12:50:30","modified_gmt":"2024-07-03T17:50:30","slug":"certificacion-ncs","status":"publish","type":"page","link":"https:\/\/itp.edu.ec\/en\/certificacion-ncs\/","title":{"rendered":""},"content":{"rendered":"<div data-elementor-type=\"wp-page\" data-elementor-id=\"13590\" class=\"elementor elementor-13590\" data-elementor-post-type=\"page\">\n\t\t\t\t\t\t<section class=\"elementor-section elementor-top-section elementor-element elementor-element-dee2daa elementor-section-boxed elementor-section-height-default elementor-section-height-default\" data-id=\"dee2daa\" data-element_type=\"section\" data-e-type=\"section\">\n\t\t\t\t\t\t<div class=\"elementor-container elementor-column-gap-default\">\n\t\t\t\t\t<div class=\"elementor-column elementor-col-100 elementor-top-column elementor-element elementor-element-7b71b60\" data-id=\"7b71b60\" data-element_type=\"column\" data-e-type=\"column\" data-settings=\"{&quot;coursector_ext_hide_logged_in&quot;:&quot;false&quot;}\">\n\t\t\t<div class=\"elementor-widget-wrap elementor-element-populated\">\n\t\t\t\t\t\t<div class=\"elementor-element elementor-element-7984844 elementor-widget elementor-widget-heading\" data-id=\"7984844\" data-element_type=\"widget\" data-e-type=\"widget\" data-settings=\"{&quot;coursector_ext_hide_logged_in&quot;:&quot;false&quot;}\" data-widget_type=\"heading.default\">\n\t\t\t\t<div class=\"elementor-widget-container\">\n\t\t\t\t\t<h1 class=\"elementor-heading-title elementor-size-default\">Certificaci\u00f3n Internacional NCS<\/h1>\t\t\t\t<\/div>\n\t\t\t\t<\/div>\n\t\t\t\t<div class=\"elementor-element elementor-element-5e55bd4 elementor-widget elementor-widget-spacer\" data-id=\"5e55bd4\" data-element_type=\"widget\" data-e-type=\"widget\" data-settings=\"{&quot;coursector_ext_hide_logged_in&quot;:&quot;false&quot;}\" data-widget_type=\"spacer.default\">\n\t\t\t\t<div class=\"elementor-widget-container\">\n\t\t\t\t\t\t\t<div class=\"elementor-spacer\">\n\t\t\t<div class=\"elementor-spacer-inner\"><\/div>\n\t\t<\/div>\n\t\t\t\t\t\t<\/div>\n\t\t\t\t<\/div>\n\t\t\t\t<div class=\"elementor-element elementor-element-c205d73 elementor-widget elementor-widget-coursector-course-grid\" data-id=\"c205d73\" data-element_type=\"widget\" data-e-type=\"widget\" data-settings=\"{&quot;coursector_ext_hide_logged_in&quot;:&quot;false&quot;}\" data-widget_type=\"coursector-course-grid.default\">\n\t\t\t\t<div class=\"elementor-widget-container\">\n\t\t\t\t\t\n<div class=\"course_grid_container\">\n<div class=\"portfolio_classic_content_wrapper portfolio_classic layout_tg_three_cols  grid_template1\" data-cols=\"3\">\n\t\t <div class=\"portfolio_classic_grid_wrapper tg_three_cols   portfolio-1 tile scale-anm course_tooltip\" >\n\t\t\t\t\t<div class=\"card__img\" style=\"background-image:url(https:\/\/itp.edu.ec\/wp-content\/uploads\/2024\/06\/Diseno-sin-titulo-4-700x466.jpg);\"><\/div>\n\t\t\t \n\t\t\t\t\t\t<span class=\"card__price\">Free<\/span>\n\t\t\t\t\t\t \n\t\t\t<a href=\"https:\/\/itp.edu.ec\/en\/course\/operador-de-montacargas\/\" class=\"card_link\">\n\t\t\t\t<div class=\"card__img--hover\" style=\"background-image:url(https:\/\/itp.edu.ec\/wp-content\/uploads\/2024\/06\/Diseno-sin-titulo-4-700x466.jpg);\"><\/div>\n\t\t\t<\/a>\n\n\t\t\t<div class=\"card__info\">\n\t\t\t\t\t\t\t    \n\t\t\t\t<h3 class=\"card__title\"><a href=\"https:\/\/itp.edu.ec\/en\/course\/operador-de-montacargas\/\">Manejo de Montacargas<\/a><\/h3>\n\t\t\t\t\n\t\t\t\t<div class=\"card__rating\">\n\t\t\t\t\t\t\t    <\/div>\n\t\t\t\t\n\t\t\t\t\t\t\t\t<div class=\"card__excerpt\"><p>Funcionamiento, componentes y tipos de montacargas Manejo y medidas de...<\/p><\/div>\n\t\t\t\t\t\t\t\t\n\t\t\t\t\t\t\t\t<div class=\"card__meta_wrapper empty\">\n\t\t\t\t\t\t\t\t\t\t\n\t\t\t\t\t\t\t\t\t<\/div>\n\t\t  \t<\/div>\n\t\t\t\t<\/div>\n<br class=\"clear\"\/>\n<\/div>\n<\/div>\n<br class=\"clear\"\/>\t\t\t\t<\/div>\n\t\t\t\t<\/div>\n\t\t\t\t\t<\/div>\n\t\t<\/div>\n\t\t\t\t\t<\/div>\n\t\t<\/section>\n\t\t\t\t<section class=\"elementor-section elementor-top-section elementor-element elementor-element-25e900b elementor-section-boxed elementor-section-height-default elementor-section-height-default\" data-id=\"25e900b\" data-element_type=\"section\" data-e-type=\"section\">\n\t\t\t\t\t\t<div class=\"elementor-container elementor-column-gap-default\">\n\t\t\t\t\t<div class=\"elementor-column elementor-col-100 elementor-top-column elementor-element elementor-element-b7d2408\" data-id=\"b7d2408\" data-element_type=\"column\" data-e-type=\"column\" data-settings=\"{&quot;coursector_ext_hide_logged_in&quot;:&quot;false&quot;}\">\n\t\t\t<div class=\"elementor-widget-wrap elementor-element-populated\">\n\t\t\t\t\t\t<div class=\"elementor-element elementor-element-f60690c elementor-widget-divider--view-line elementor-widget elementor-widget-divider\" data-id=\"f60690c\" data-element_type=\"widget\" data-e-type=\"widget\" data-settings=\"{&quot;coursector_ext_hide_logged_in&quot;:&quot;false&quot;}\" data-widget_type=\"divider.default\">\n\t\t\t\t<div class=\"elementor-widget-container\">\n\t\t\t\t\t\t\t<div class=\"elementor-divider\">\n\t\t\t<span class=\"elementor-divider-separator\">\n\t\t\t\t\t\t<\/span>\n\t\t<\/div>\n\t\t\t\t\t\t<\/div>\n\t\t\t\t<\/div>\n\t\t\t\t\t<\/div>\n\t\t<\/div>\n\t\t\t\t\t<\/div>\n\t\t<\/section>\n\t\t\t\t<section class=\"elementor-section elementor-top-section elementor-element elementor-element-66f09da elementor-section-boxed elementor-section-height-default elementor-section-height-default\" data-id=\"66f09da\" data-element_type=\"section\" data-e-type=\"section\">\n\t\t\t\t\t\t<div class=\"elementor-container elementor-column-gap-default\">\n\t\t\t\t\t<div class=\"elementor-column elementor-col-50 elementor-top-column elementor-element elementor-element-e72af58\" data-id=\"e72af58\" data-element_type=\"column\" data-e-type=\"column\" data-settings=\"{&quot;coursector_ext_hide_logged_in&quot;:&quot;false&quot;}\">\n\t\t\t<div class=\"elementor-widget-wrap elementor-element-populated\">\n\t\t\t\t\t\t<div class=\"elementor-element elementor-element-ed5ee6d elementor-drop-cap-yes elementor-drop-cap-view-default elementor-widget elementor-widget-text-editor\" data-id=\"ed5ee6d\" data-element_type=\"widget\" data-e-type=\"widget\" data-settings=\"{&quot;drop_cap&quot;:&quot;yes&quot;,&quot;coursector_ext_hide_logged_in&quot;:&quot;false&quot;}\" data-widget_type=\"text-editor.default\">\n\t\t\t\t<div class=\"elementor-widget-container\">\n\t\t\t\t\t\t\t\t\t<p>Nuestro curso de manejo seguro de montacargas, acreditado por la National Safety Council (NSC), est\u00e1 dise\u00f1ado para brindar a los operadores de montacargas los conocimientos y habilidades necesarios para operar estos equipos de manera segura y eficiente. Este curso integral combina teor\u00eda y pr\u00e1ctica para garantizar que los participantes comprendan los principios fundamentales de la operaci\u00f3n segura de montacargas y puedan aplicarlos en sus lugares de trabajo.<\/p>\n<p>El curso con&nbsp;Certificaci\u00f3n Internacional NCS cubre una amplia gama de temas esenciales, incluyendo los principios b\u00e1sicos de operaci\u00f3n, la identificaci\u00f3n de peligros comunes, las t\u00e9cnicas de manejo seguro y el mantenimiento preventivo. Adem\u00e1s, se enfatiza la importancia de la comunicaci\u00f3n efectiva y la responsabilidad personal en la prevenci\u00f3n de accidentes. Los participantes aprender\u00e1n a realizar inspecciones preoperativas, maniobras seguras en diversas condiciones y a responder adecuadamente en situaciones de emergencia.<\/p>\n<p style=\"font-weight: 400; font-style: normal; font-size: 16px; font-family: Jost;\">Una parte fundamental del curso es la formaci\u00f3n pr\u00e1ctica. Los participantes tendr\u00e1n la oportunidad de operar un montacargas en un entorno controlado bajo la supervisi\u00f3n de instructores certificados por la NSC. Esta experiencia pr\u00e1ctica les permite aplicar los conocimientos te\u00f3ricos adquiridos, perfeccionar sus habilidades de manejo y recibir retroalimentaci\u00f3n directa de expertos en seguridad. No pierdas la oportunidad de obtener una certificaci\u00f3n reconocida y mejorar tu desempe\u00f1o como operador de montacargas. \u00a1Reg\u00edstrate hoy mismo y da el primer paso hacia un manejo seguro y eficiente!<\/p>\t\t\t\t\t\t\t\t<\/div>\n\t\t\t\t<\/div>\n\t\t\t\t\t<\/div>\n\t\t<\/div>\n\t\t\t\t<div class=\"elementor-column elementor-col-50 elementor-top-column elementor-element elementor-element-81e9271\" data-id=\"81e9271\" data-element_type=\"column\" data-e-type=\"column\" data-settings=\"{&quot;coursector_ext_hide_logged_in&quot;:&quot;false&quot;}\">\n\t\t\t<div class=\"elementor-widget-wrap elementor-element-populated\">\n\t\t\t\t\t\t<div class=\"elementor-element elementor-element-c37d415 elementor-button-warning elementor-align-center elementor-widget elementor-widget-button\" data-id=\"c37d415\" data-element_type=\"widget\" data-e-type=\"widget\" data-settings=\"{&quot;coursector_ext_hide_logged_in&quot;:&quot;false&quot;}\" data-widget_type=\"button.default\">\n\t\t\t\t<div class=\"elementor-widget-container\">\n\t\t\t\t\t\t\t\t\t<div class=\"elementor-button-wrapper\">\n\t\t\t\t\t<a class=\"elementor-button elementor-button-link elementor-size-sm\" href=\"#ncs\" id=\"admision\">\n\t\t\t\t\t\t<span class=\"elementor-button-content-wrapper\">\n\t\t\t\t\t\t\t\t\t<span class=\"elementor-button-text\">ADMISSIONS<\/span>\n\t\t\t\t\t<\/span>\n\t\t\t\t\t<\/a>\n\t\t\t\t<\/div>\n\t\t\t\t\t\t\t\t<\/div>\n\t\t\t\t<\/div>\n\t\t\t\t\t<\/div>\n\t\t<\/div>\n\t\t\t\t\t<\/div>\n\t\t<\/section>\n\t\t\t\t<section class=\"elementor-section elementor-top-section elementor-element elementor-element-3822a15 elementor-section-boxed elementor-section-height-default elementor-section-height-default\" data-id=\"3822a15\" data-element_type=\"section\" data-e-type=\"section\">\n\t\t\t\t\t\t<div class=\"elementor-container elementor-column-gap-default\">\n\t\t\t\t\t<div class=\"elementor-column elementor-col-100 elementor-top-column elementor-element elementor-element-4303885\" data-id=\"4303885\" data-element_type=\"column\" data-e-type=\"column\" data-settings=\"{&quot;coursector_ext_hide_logged_in&quot;:&quot;false&quot;}\">\n\t\t\t<div class=\"elementor-widget-wrap elementor-element-populated\">\n\t\t\t\t\t\t<div class=\"elementor-element elementor-element-dbf828f elementor-widget elementor-widget-menu-anchor\" data-id=\"dbf828f\" data-element_type=\"widget\" data-e-type=\"widget\" data-settings=\"{&quot;coursector_ext_hide_logged_in&quot;:&quot;false&quot;}\" data-widget_type=\"menu-anchor.default\">\n\t\t\t\t<div class=\"elementor-widget-container\">\n\t\t\t\t\t\t\t<div class=\"elementor-menu-anchor\" id=\"ncs\"><\/div>\n\t\t\t\t\t\t<\/div>\n\t\t\t\t<\/div>\n\t\t\t\t<div class=\"elementor-element elementor-element-f22ab11 elementor-widget-divider--view-line elementor-widget elementor-widget-divider\" data-id=\"f22ab11\" data-element_type=\"widget\" data-e-type=\"widget\" data-settings=\"{&quot;coursector_ext_hide_logged_in&quot;:&quot;false&quot;}\" data-widget_type=\"divider.default\">\n\t\t\t\t<div class=\"elementor-widget-container\">\n\t\t\t\t\t\t\t<div class=\"elementor-divider\">\n\t\t\t<span class=\"elementor-divider-separator\">\n\t\t\t\t\t\t<\/span>\n\t\t<\/div>\n\t\t\t\t\t\t<\/div>\n\t\t\t\t<\/div>\n\t\t\t\t\t<\/div>\n\t\t<\/div>\n\t\t\t\t\t<\/div>\n\t\t<\/section>\n\t\t\t\t<section class=\"elementor-section elementor-top-section elementor-element elementor-element-90805fd elementor-section-boxed elementor-section-height-default elementor-section-height-default\" data-id=\"90805fd\" data-element_type=\"section\" data-e-type=\"section\">\n\t\t\t\t\t\t<div class=\"elementor-container elementor-column-gap-default\">\n\t\t\t\t\t<div class=\"elementor-column elementor-col-50 elementor-top-column elementor-element elementor-element-724eb2d\" data-id=\"724eb2d\" data-element_type=\"column\" data-e-type=\"column\" data-settings=\"{&quot;coursector_ext_hide_logged_in&quot;:&quot;false&quot;}\">\n\t\t\t<div class=\"elementor-widget-wrap elementor-element-populated\">\n\t\t\t\t\t\t<div class=\"elementor-element elementor-element-dd00667 elementor-widget elementor-widget-heading\" data-id=\"dd00667\" data-element_type=\"widget\" data-e-type=\"widget\" data-settings=\"{&quot;coursector_ext_hide_logged_in&quot;:&quot;false&quot;}\" data-widget_type=\"heading.default\">\n\t\t\t\t<div class=\"elementor-widget-container\">\n\t\t\t\t\t<h2 class=\"elementor-heading-title elementor-size-default\">Construyendo Futuros<\/h2>\t\t\t\t<\/div>\n\t\t\t\t<\/div>\n\t\t\t\t<div class=\"elementor-element elementor-element-9c8c8a6 elementor-widget elementor-widget-image\" data-id=\"9c8c8a6\" data-element_type=\"widget\" data-e-type=\"widget\" data-settings=\"{&quot;coursector_ext_hide_logged_in&quot;:&quot;false&quot;}\" data-widget_type=\"image.default\">\n\t\t\t\t<div class=\"elementor-widget-container\">\n\t\t\t\t\t\t\t\t\t\t\t\t\t\t\t<img fetchpriority=\"high\" decoding=\"async\" width=\"1024\" height=\"1024\" src=\"https:\/\/itp.edu.ec\/wp-content\/uploads\/2022\/06\/7000-1024x1024.jpeg\" class=\"attachment-large size-large wp-image-10919\" alt=\"\" srcset=\"https:\/\/itp.edu.ec\/wp-content\/uploads\/2022\/06\/7000-1024x1024.jpeg 1024w, https:\/\/itp.edu.ec\/wp-content\/uploads\/2022\/06\/7000-300x300.jpeg 300w, https:\/\/itp.edu.ec\/wp-content\/uploads\/2022\/06\/7000-100x100.jpeg 100w, https:\/\/itp.edu.ec\/wp-content\/uploads\/2022\/06\/7000-600x600.jpeg 600w, https:\/\/itp.edu.ec\/wp-content\/uploads\/2022\/06\/7000-150x150.jpeg 150w, https:\/\/itp.edu.ec\/wp-content\/uploads\/2022\/06\/7000-768x768.jpeg 768w, https:\/\/itp.edu.ec\/wp-content\/uploads\/2022\/06\/7000-440x440.jpeg 440w, https:\/\/itp.edu.ec\/wp-content\/uploads\/2022\/06\/7000-610x610.jpeg 610w, https:\/\/itp.edu.ec\/wp-content\/uploads\/2022\/06\/7000.jpeg 1200w\" sizes=\"(max-width: 1024px) 100vw, 1024px\" \/>\t\t\t\t\t\t\t\t\t\t\t\t\t\t\t<\/div>\n\t\t\t\t<\/div>\n\t\t\t\t\t<\/div>\n\t\t<\/div>\n\t\t\t\t<div class=\"elementor-column elementor-col-50 elementor-top-column elementor-element elementor-element-1b8ad0b\" data-id=\"1b8ad0b\" data-element_type=\"column\" data-e-type=\"column\" data-settings=\"{&quot;coursector_ext_hide_logged_in&quot;:&quot;false&quot;}\">\n\t\t\t<div class=\"elementor-widget-wrap elementor-element-populated\">\n\t\t\t\t\t\t<div class=\"elementor-element elementor-element-641803c elementor-widget elementor-widget-heading\" data-id=\"641803c\" data-element_type=\"widget\" data-e-type=\"widget\" data-settings=\"{&quot;_animation&quot;:&quot;none&quot;,&quot;coursector_ext_hide_logged_in&quot;:&quot;false&quot;}\" data-widget_type=\"heading.default\">\n\t\t\t\t<div class=\"elementor-widget-container\">\n\t\t\t\t\t<h2 class=\"elementor-heading-title elementor-size-default\">Escr\u00edbenos<\/h2>\t\t\t\t<\/div>\n\t\t\t\t<\/div>\n\t\t\t\t<div class=\"elementor-element elementor-element-345fc29 elementor-widget elementor-widget-html\" data-id=\"345fc29\" data-element_type=\"widget\" data-e-type=\"widget\" data-settings=\"{&quot;_animation&quot;:&quot;none&quot;,&quot;coursector_ext_hide_logged_in&quot;:&quot;false&quot;}\" data-widget_type=\"html.default\">\n\t\t\t\t<div class=\"elementor-widget-container\">\n\t\t\t\t\t<script charset=\"utf-8\" type=\"text\/javascript\" src=\"\/\/js.hsforms.net\/forms\/embed\/v2.js\"><\/script>\r\n<script>\r\n  hbspt.forms.create({\r\n    region: \"na1\",\r\n    portalId: \"44247298\",\r\n    formId: \"a3d16c82-ba03-4ab2-b883-363f35e79c26\"\r\n  });\r\n<\/script>\t\t\t\t<\/div>\n\t\t\t\t<\/div>\n\t\t\t\t\t<\/div>\n\t\t<\/div>\n\t\t\t\t\t<\/div>\n\t\t<\/section>\n\t\t\t\t<\/div>","protected":false},"excerpt":{"rendered":"<p>Certificaci\u00f3n Internacional NCS Sin costo Manejo de Montacargas Programa de certificaci\u00f3n de competencias laborales con aval del Ministerio de Trabajo&#8230; [&hellip;]<\/p>\n","protected":false},"author":2,"featured_media":0,"parent":0,"menu_order":0,"comment_status":"closed","ping_status":"closed","template":"","meta":{"nf_dc_page":"","content-type":"","_joinchat":[],"footnotes":""},"class_list":["post-13590","page","type-page","status-publish","hentry"],"yoast_head":"<!-- This site is optimized with the Yoast SEO Premium plugin v22.9 (Yoast SEO v27.4) - https:\/\/yoast.com\/product\/yoast-seo-premium-wordpress\/ -->\n<title>Certificaci\u00f3n Internacional NCS<\/title>\n<meta name=\"description\" content=\"Aprende a operar montacargas de manera segura y eficiente con nuestro programa de certificaci\u00f3n respaldado por el Ministerio de Trabajo.\" \/>\n<meta name=\"robots\" content=\"index, follow, max-snippet:-1, max-image-preview:large, max-video-preview:-1\" \/>\n<link rel=\"canonical\" href=\"https:\/\/itp.edu.ec\/en\/certificacion-ncs\/\" \/>\n<meta property=\"og:locale\" content=\"en_US\" \/>\n<meta property=\"og:type\" content=\"article\" \/>\n<meta property=\"og:description\" content=\"Aprende a operar montacargas de manera segura y eficiente con nuestro programa de certificaci\u00f3n respaldado por el Ministerio de Trabajo.\" \/>\n<meta property=\"og:url\" content=\"https:\/\/itp.edu.ec\/en\/certificacion-ncs\/\" \/>\n<meta property=\"og:site_name\" content=\"Instituto T\u00e9cnico del Petr\u00f3leo Minas e Industrias\" \/>\n<meta property=\"article:modified_time\" content=\"2024-07-03T17:50:30+00:00\" \/>\n<meta property=\"og:image\" content=\"https:\/\/itp.edu.ec\/wp-content\/uploads\/2022\/06\/7000-1024x1024.jpeg\" \/>\n<meta name=\"twitter:card\" content=\"summary_large_image\" \/>\n<meta name=\"twitter:label1\" content=\"Est. reading time\" \/>\n\t<meta name=\"twitter:data1\" content=\"2 minutes\" \/>\n<script type=\"application\/ld+json\" class=\"yoast-schema-graph\">{\"@context\":\"https:\\\/\\\/schema.org\",\"@graph\":[{\"@type\":\"WebPage\",\"@id\":\"https:\\\/\\\/itp.edu.ec\\\/certificacion-ncs\\\/\",\"url\":\"https:\\\/\\\/itp.edu.ec\\\/certificacion-ncs\\\/\",\"name\":\"Certificaci\u00f3n Internacional NCS\",\"isPartOf\":{\"@id\":\"https:\\\/\\\/itp.edu.ec\\\/#website\"},\"primaryImageOfPage\":{\"@id\":\"https:\\\/\\\/itp.edu.ec\\\/certificacion-ncs\\\/#primaryimage\"},\"image\":{\"@id\":\"https:\\\/\\\/itp.edu.ec\\\/certificacion-ncs\\\/#primaryimage\"},\"thumbnailUrl\":\"https:\\\/\\\/itp.edu.ec\\\/wp-content\\\/uploads\\\/2022\\\/06\\\/7000-1024x1024.jpeg\",\"datePublished\":\"2024-06-20T16:51:33+00:00\",\"dateModified\":\"2024-07-03T17:50:30+00:00\",\"description\":\"Aprende a operar montacargas de manera segura y eficiente con nuestro programa de certificaci\u00f3n respaldado por el Ministerio de Trabajo.\",\"inLanguage\":\"en-US\",\"potentialAction\":[{\"@type\":\"ReadAction\",\"target\":[\"https:\\\/\\\/itp.edu.ec\\\/certificacion-ncs\\\/\"]}]},{\"@type\":\"ImageObject\",\"inLanguage\":\"en-US\",\"@id\":\"https:\\\/\\\/itp.edu.ec\\\/certificacion-ncs\\\/#primaryimage\",\"url\":\"https:\\\/\\\/itp.edu.ec\\\/wp-content\\\/uploads\\\/2022\\\/06\\\/7000-1024x1024.jpeg\",\"contentUrl\":\"https:\\\/\\\/itp.edu.ec\\\/wp-content\\\/uploads\\\/2022\\\/06\\\/7000-1024x1024.jpeg\"},{\"@type\":\"WebSite\",\"@id\":\"https:\\\/\\\/itp.edu.ec\\\/#website\",\"url\":\"https:\\\/\\\/itp.edu.ec\\\/\",\"name\":\"Instituto T\u00e9cnico del Petr\u00f3leo Minas e Industrias\",\"description\":\"Cursos de especialidades en Petr\u00f3leo, Minas e Industrias\",\"publisher\":{\"@id\":\"https:\\\/\\\/itp.edu.ec\\\/#organization\"},\"potentialAction\":[{\"@type\":\"SearchAction\",\"target\":{\"@type\":\"EntryPoint\",\"urlTemplate\":\"https:\\\/\\\/itp.edu.ec\\\/?s={search_term_string}\"},\"query-input\":{\"@type\":\"PropertyValueSpecification\",\"valueRequired\":true,\"valueName\":\"search_term_string\"}}],\"inLanguage\":\"en-US\"},{\"@type\":\"Organization\",\"@id\":\"https:\\\/\\\/itp.edu.ec\\\/#organization\",\"name\":\"Instituto T\u00e9cnico del Petr\u00f3leo Minas e Industrias\",\"url\":\"https:\\\/\\\/itp.edu.ec\\\/\",\"logo\":{\"@type\":\"ImageObject\",\"inLanguage\":\"en-US\",\"@id\":\"https:\\\/\\\/itp.edu.ec\\\/#\\\/schema\\\/logo\\\/image\\\/\",\"url\":\"https:\\\/\\\/itp.edu.ec\\\/wp-content\\\/uploads\\\/2022\\\/06\\\/logo_ITP_dark.png\",\"contentUrl\":\"https:\\\/\\\/itp.edu.ec\\\/wp-content\\\/uploads\\\/2022\\\/06\\\/logo_ITP_dark.png\",\"width\":205,\"height\":90,\"caption\":\"Instituto T\u00e9cnico del Petr\u00f3leo Minas e Industrias\"},\"image\":{\"@id\":\"https:\\\/\\\/itp.edu.ec\\\/#\\\/schema\\\/logo\\\/image\\\/\"}}]}<\/script>\n<!-- \/ Yoast SEO Premium plugin. -->","yoast_head_json":{"title":"Certificaci\u00f3n Internacional NCS","description":"Aprende a operar montacargas de manera segura y eficiente con nuestro programa de certificaci\u00f3n respaldado por el Ministerio de Trabajo.","robots":{"index":"index","follow":"follow","max-snippet":"max-snippet:-1","max-image-preview":"max-image-preview:large","max-video-preview":"max-video-preview:-1"},"canonical":"https:\/\/itp.edu.ec\/en\/certificacion-ncs\/","og_locale":"en_US","og_type":"article","og_description":"Aprende a operar montacargas de manera segura y eficiente con nuestro programa de certificaci\u00f3n respaldado por el Ministerio de Trabajo.","og_url":"https:\/\/itp.edu.ec\/en\/certificacion-ncs\/","og_site_name":"Instituto T\u00e9cnico del Petr\u00f3leo Minas e Industrias","article_modified_time":"2024-07-03T17:50:30+00:00","og_image":[{"url":"https:\/\/itp.edu.ec\/wp-content\/uploads\/2022\/06\/7000-1024x1024.jpeg","type":"","width":"","height":""}],"twitter_card":"summary_large_image","twitter_misc":{"Est. reading time":"2 minutes"},"schema":{"@context":"https:\/\/schema.org","@graph":[{"@type":"WebPage","@id":"https:\/\/itp.edu.ec\/certificacion-ncs\/","url":"https:\/\/itp.edu.ec\/certificacion-ncs\/","name":"Certificaci\u00f3n Internacional NCS","isPartOf":{"@id":"https:\/\/itp.edu.ec\/#website"},"primaryImageOfPage":{"@id":"https:\/\/itp.edu.ec\/certificacion-ncs\/#primaryimage"},"image":{"@id":"https:\/\/itp.edu.ec\/certificacion-ncs\/#primaryimage"},"thumbnailUrl":"https:\/\/itp.edu.ec\/wp-content\/uploads\/2022\/06\/7000-1024x1024.jpeg","datePublished":"2024-06-20T16:51:33+00:00","dateModified":"2024-07-03T17:50:30+00:00","description":"Aprende a operar montacargas de manera segura y eficiente con nuestro programa de certificaci\u00f3n respaldado por el Ministerio de Trabajo.","inLanguage":"en-US","potentialAction":[{"@type":"ReadAction","target":["https:\/\/itp.edu.ec\/certificacion-ncs\/"]}]},{"@type":"ImageObject","inLanguage":"en-US","@id":"https:\/\/itp.edu.ec\/certificacion-ncs\/#primaryimage","url":"https:\/\/itp.edu.ec\/wp-content\/uploads\/2022\/06\/7000-1024x1024.jpeg","contentUrl":"https:\/\/itp.edu.ec\/wp-content\/uploads\/2022\/06\/7000-1024x1024.jpeg"},{"@type":"WebSite","@id":"https:\/\/itp.edu.ec\/#website","url":"https:\/\/itp.edu.ec\/","name":"Instituto T\u00e9cnico del Petr\u00f3leo Minas e Industrias","description":"Cursos de especialidades en Petr\u00f3leo, Minas e Industrias","publisher":{"@id":"https:\/\/itp.edu.ec\/#organization"},"potentialAction":[{"@type":"SearchAction","target":{"@type":"EntryPoint","urlTemplate":"https:\/\/itp.edu.ec\/?s={search_term_string}"},"query-input":{"@type":"PropertyValueSpecification","valueRequired":true,"valueName":"search_term_string"}}],"inLanguage":"en-US"},{"@type":"Organization","@id":"https:\/\/itp.edu.ec\/#organization","name":"Instituto T\u00e9cnico del Petr\u00f3leo Minas e Industrias","url":"https:\/\/itp.edu.ec\/","logo":{"@type":"ImageObject","inLanguage":"en-US","@id":"https:\/\/itp.edu.ec\/#\/schema\/logo\/image\/","url":"https:\/\/itp.edu.ec\/wp-content\/uploads\/2022\/06\/logo_ITP_dark.png","contentUrl":"https:\/\/itp.edu.ec\/wp-content\/uploads\/2022\/06\/logo_ITP_dark.png","width":205,"height":90,"caption":"Instituto T\u00e9cnico del Petr\u00f3leo Minas e Industrias"},"image":{"@id":"https:\/\/itp.edu.ec\/#\/schema\/logo\/image\/"}}]}},"_links":{"self":[{"href":"https:\/\/itp.edu.ec\/en\/wp-json\/wp\/v2\/pages\/13590","targetHints":{"allow":["GET"]}}],"collection":[{"href":"https:\/\/itp.edu.ec\/en\/wp-json\/wp\/v2\/pages"}],"about":[{"href":"https:\/\/itp.edu.ec\/en\/wp-json\/wp\/v2\/types\/page"}],"author":[{"embeddable":true,"href":"https:\/\/itp.edu.ec\/en\/wp-json\/wp\/v2\/users\/2"}],"replies":[{"embeddable":true,"href":"https:\/\/itp.edu.ec\/en\/wp-json\/wp\/v2\/comments?post=13590"}],"version-history":[{"count":6,"href":"https:\/\/itp.edu.ec\/en\/wp-json\/wp\/v2\/pages\/13590\/revisions"}],"predecessor-version":[{"id":15893,"href":"https:\/\/itp.edu.ec\/en\/wp-json\/wp\/v2\/pages\/13590\/revisions\/15893"}],"wp:attachment":[{"href":"https:\/\/itp.edu.ec\/en\/wp-json\/wp\/v2\/media?parent=13590"}],"curies":[{"name":"wp","href":"https:\/\/api.w.org\/{rel}","templated":true}]}}