{"id":13505,"date":"2024-06-10T10:35:02","date_gmt":"2024-06-10T15:35:02","guid":{"rendered":"https:\/\/itp.edu.ec\/?page_id=13505"},"modified":"2024-07-01T15:14:19","modified_gmt":"2024-07-01T20:14:19","slug":"politicas-de-privacidad","status":"publish","type":"page","link":"https:\/\/itp.edu.ec\/en\/politicas-de-privacidad\/","title":{"rendered":""},"content":{"rendered":"<div data-elementor-type=\"wp-page\" data-elementor-id=\"13505\" class=\"elementor elementor-13505\" data-elementor-post-type=\"page\">\n\t\t\t\t\t\t<section class=\"elementor-section elementor-top-section elementor-element elementor-element-7a0a841 elementor-section-boxed elementor-section-height-default elementor-section-height-default elementor-invisible\" data-id=\"7a0a841\" data-element_type=\"section\" data-e-type=\"section\" data-settings=\"{&quot;animation&quot;:&quot;fadeInDown&quot;}\">\n\t\t\t\t\t\t<div class=\"elementor-container elementor-column-gap-default\">\n\t\t\t\t\t<div class=\"elementor-column elementor-col-100 elementor-top-column elementor-element elementor-element-66511ad\" data-id=\"66511ad\" data-element_type=\"column\" data-e-type=\"column\" data-settings=\"{&quot;coursector_ext_hide_logged_in&quot;:&quot;false&quot;}\">\n\t\t\t<div class=\"elementor-widget-wrap elementor-element-populated\">\n\t\t\t\t\t\t<div class=\"elementor-element elementor-element-da91eb6 elementor-widget elementor-widget-heading\" data-id=\"da91eb6\" data-element_type=\"widget\" data-e-type=\"widget\" data-settings=\"{&quot;coursector_ext_hide_logged_in&quot;:&quot;false&quot;}\" data-widget_type=\"heading.default\">\n\t\t\t\t<div class=\"elementor-widget-container\">\n\t\t\t\t\t<h1 class=\"elementor-heading-title elementor-size-default\">Pol\u00edticas de Privacidad y Pol\u00edtica de Cookies<\/h1>\t\t\t\t<\/div>\n\t\t\t\t<\/div>\n\t\t\t\t\t<\/div>\n\t\t<\/div>\n\t\t\t\t\t<\/div>\n\t\t<\/section>\n\t\t\t\t<section class=\"elementor-section elementor-top-section elementor-element elementor-element-3bea390 elementor-section-boxed elementor-section-height-default elementor-section-height-default\" data-id=\"3bea390\" data-element_type=\"section\" data-e-type=\"section\">\n\t\t\t\t\t\t<div class=\"elementor-container elementor-column-gap-default\">\n\t\t\t\t\t<div class=\"elementor-column elementor-col-100 elementor-top-column elementor-element elementor-element-834cba8\" data-id=\"834cba8\" data-element_type=\"column\" data-e-type=\"column\" data-settings=\"{&quot;coursector_ext_hide_logged_in&quot;:&quot;false&quot;}\">\n\t\t\t<div class=\"elementor-widget-wrap elementor-element-populated\">\n\t\t\t\t\t\t<div class=\"elementor-element elementor-element-15fd020 elementor-invisible elementor-widget elementor-widget-heading\" data-id=\"15fd020\" data-element_type=\"widget\" data-e-type=\"widget\" data-settings=\"{&quot;_animation&quot;:&quot;fadeInLeft&quot;,&quot;coursector_ext_hide_logged_in&quot;:&quot;false&quot;}\" data-widget_type=\"heading.default\">\n\t\t\t\t<div class=\"elementor-widget-container\">\n\t\t\t\t\t<h2 class=\"elementor-heading-title elementor-size-default\"><p style=\"line-height:normal\"><span style=\"font-size:12.0pt;,serif\">En el\nInstituto T\u00e9cnico del Petr\u00f3leo, Minas e Industrias (ITP), valoramos y\nrespetamos su privacidad. Esta Pol\u00edtica de Privacidad describe c\u00f3mo\nrecopilamos, utilizamos, divulgamos y protegemos su informaci\u00f3n personal cuando\nvisita nuestro sitio web y utiliza nuestros servicios. Al acceder y utilizar\nnuestro sitio web, usted acepta las pr\u00e1cticas descritas en esta pol\u00edtica.<\/span><\/p><br>\n\n<p class=\"MsoNormal\" style=\"line-height:normal\"><b><span style=\"font-size:13.5pt;,serif\">1. Informaci\u00f3n que recopilamos<\/span><\/b><\/p>\n\n<p class=\"MsoNormal\" style=\"line-height:normal\"><b><span style=\"font-size:12.0pt;,serif\">1.1\nInformaci\u00f3n personal:<\/span><\/b><span style=\"font-size:12.0pt;,serif\"> Recopilamos\ninformaci\u00f3n personal que usted nos proporciona directamente cuando se registra\nen nuestro sitio, solicita informaci\u00f3n, se inscribe en nuestros cursos o\nutiliza otros servicios. Esta informaci\u00f3n puede incluir:<\/span><\/p>\n\n<ul type=\"disc\">\n <li class=\"MsoNormal\" style=\"line-height:normal\"><span style=\"font-size:12.0pt;,serif\">Nombre completo<\/span><\/li>\n <li class=\"MsoNormal\" style=\"line-height:normal\"><span style=\"font-size:12.0pt;,serif\">Direcci\u00f3n de correo electr\u00f3nico<\/span><\/li>\n <li class=\"MsoNormal\" style=\"line-height:normal\"><span style=\"font-size:12.0pt;,serif\">N\u00famero de tel\u00e9fono<\/span><\/li>\n <li class=\"MsoNormal\" style=\"line-height:normal\"><span style=\"font-size:12.0pt;,serif\">Direcci\u00f3n postal<\/span><\/li>\n <li class=\"MsoNormal\" style=\"line-height:normal\"><span style=\"font-size:12.0pt;,serif\">Informaci\u00f3n de pago<\/span><\/li>\n <li class=\"MsoNormal\" style=\"line-height:normal\"><span style=\"font-size:12.0pt;,serif\">Detalles profesionales y\n     educativos<\/span><\/li>\n <li class=\"MsoNormal\" style=\"line-height:normal\"><span style=\"font-size:12.0pt;,serif\">Empresa o Institucion a la\n     que pertenece<\/span><\/li>\n<\/ul>\n\n<p class=\"MsoNormal\" style=\"line-height:normal\"><b><span style=\"font-size:12.0pt;,serif\">1.2\nInformaci\u00f3n de uso:<\/span><\/b><span style=\"font-size:12.0pt;,serif\">\nRecopilamos informaci\u00f3n sobre c\u00f3mo utiliza nuestro sitio web, incluyendo:<\/span><\/p>\n\n<ul type=\"disc\">\n <li class=\"MsoNormal\" style=\"line-height:normal\"><span style=\"font-size:12.0pt;,serif\">Direcci\u00f3n IP<\/span><\/li>\n <li class=\"MsoNormal\" style=\"line-height:normal\"><span style=\"font-size:12.0pt;,serif\">Tipo de navegador<\/span><\/li>\n <li class=\"MsoNormal\" style=\"line-height:normal\"><span style=\"font-size:12.0pt;,serif\">P\u00e1ginas visitadas<\/span><\/li>\n <li class=\"MsoNormal\" style=\"line-height:normal\"><span style=\"font-size:12.0pt;,serif\">Tiempo de permanencia en\n     cada p\u00e1gina<\/span><\/li>\n <li class=\"MsoNormal\" style=\"line-height:normal\"><span style=\"font-size:12.0pt;,serif\">Datos de ubicaci\u00f3n<\/span><\/li>\n<\/ul>\n\n<p class=\"MsoNormal\" style=\"line-height:normal\"><b><span style=\"font-size:13.5pt;,serif\">2. C\u00f3mo utilizamos su informaci\u00f3n<\/span><\/b><\/p>\n\n<p class=\"MsoNormal\" style=\"line-height:normal\"><span style=\"font-size:12.0pt;,serif\">Utilizamos\nla informaci\u00f3n que recopilamos para diversos fines, incluyendo:<\/span><\/p>\n\n<ul type=\"disc\">\n <li class=\"MsoNormal\" style=\"line-height:normal\"><span style=\"font-size:12.0pt;,serif\">Proveer y mejorar nuestros\n     servicios<\/span><\/li>\n <li class=\"MsoNormal\" style=\"line-height:normal\"><span style=\"font-size:12.0pt;,serif\">Procesar sus solicitudes y\n     transacciones<\/span><\/li>\n <li class=\"MsoNormal\" style=\"line-height:normal\"><span style=\"font-size:12.0pt;,serif\">Enviar comunicaciones\n     relacionadas con su cuenta y nuestros servicios<\/span><\/li>\n <li class=\"MsoNormal\" style=\"line-height:normal\"><span style=\"font-size:12.0pt;,serif\">Personalizar su experiencia\n     en nuestro sitio web<\/span><\/li>\n <li class=\"MsoNormal\" style=\"line-height:normal\"><span style=\"font-size:12.0pt;,serif\">Realizar an\u00e1lisis y monitoreo\n     de uso para mejorar nuestro sitio web y servicios<\/span><\/li>\n <li class=\"MsoNormal\" style=\"line-height:normal\"><span style=\"font-size:12.0pt;,serif\">Cumplir con obligaciones\n     legales y normativas<\/span><\/li>\n<\/ul>\n\n<p class=\"MsoNormal\" style=\"line-height:normal\"><b><span style=\"font-size:13.5pt;,serif\">3. Divulgaci\u00f3n de su informaci\u00f3n<\/span><\/b><\/p>\n\n<p class=\"MsoNormal\" style=\"line-height:normal\"><span style=\"font-size:12.0pt;,serif\">No\ncompartimos su informaci\u00f3n personal con terceros, excepto en las siguientes\ncircunstancias:<\/span><\/p>\n\n<ul type=\"disc\">\n <li class=\"MsoNormal\" style=\"line-height:normal\"><b><span style=\"font-size:12.0pt;,serif\">Con su consentimiento:<\/span><\/b><span style=\"font-size:12.0pt;,serif\"> Podemos compartir su\n     informaci\u00f3n con terceros si usted nos ha dado su consentimiento expl\u00edcito.<\/span><\/li>\n <li class=\"MsoNormal\" style=\"line-height:normal\"><b><span style=\"font-size:12.0pt;,serif\">Proveedores de servicios:<\/span><\/b><span style=\"font-size:12.0pt;,serif\"> Podemos divulgar su\n     informaci\u00f3n a terceros que nos proporcionan servicios, como procesamiento\n     de pagos, alojamiento de sitios web y an\u00e1lisis de datos.<\/span><\/li>\n <li class=\"MsoNormal\" style=\"line-height:normal\"><b><span style=\"font-size:12.0pt;,serif\">Requerimientos legales:<\/span><\/b><span style=\"font-size:12.0pt;,serif\"> Podemos divulgar su\n     informaci\u00f3n si as\u00ed lo requiere la ley, una orden judicial o un proceso\n     legal.<\/span><\/li>\n <li class=\"MsoNormal\" style=\"line-height:normal\"><b><span style=\"font-size:12.0pt;,serif\">Protecci\u00f3n de derechos:<\/span><\/b><span style=\"font-size:12.0pt;,serif\"> Podemos divulgar su\n     informaci\u00f3n para proteger nuestros derechos, propiedad o seguridad, as\u00ed\n     como la de nuestros usuarios y el p\u00fablico en general.<\/span><\/li>\n<\/ul>\n\n<p class=\"MsoNormal\" style=\"line-height:normal\"><b><span style=\"font-size:13.5pt;,serif\">4. Seguridad de la informaci\u00f3n<\/span><\/b><\/p>\n\n<p class=\"MsoNormal\" style=\"line-height:normal\"><span style=\"font-size:12.0pt;,serif\">Implementamos\nmedidas de seguridad razonables para proteger su informaci\u00f3n personal contra el\nacceso no autorizado, la alteraci\u00f3n, divulgaci\u00f3n o destrucci\u00f3n. Sin embargo,\nninguna transmisi\u00f3n de datos por Internet o sistema de almacenamiento puede\ngarantizar ser 100% segura.<\/span><\/p>\n\n<p class=\"MsoNormal\" style=\"line-height:normal\"><b><span style=\"font-size:13.5pt;,serif\">5. Retenci\u00f3n de datos<\/span><\/b><\/p>\n\n<p class=\"MsoNormal\" style=\"line-height:normal\"><span style=\"font-size:12.0pt;,serif\">Conservamos\nsu informaci\u00f3n personal solo durante el tiempo necesario para cumplir con los\nfines para los cuales fue recopilada, incluyendo el cumplimiento de requisitos\nlegales, contables o de informes.<\/span><\/p>\n\n<p class=\"MsoNormal\" style=\"line-height:normal\"><b><span style=\"font-size:13.5pt;,serif\">6. Sus derechos<\/span><\/b><\/p>\n\n<p class=\"MsoNormal\" style=\"line-height:normal\"><span style=\"font-size:12.0pt;,serif\">Dependiendo\nde su jurisdicci\u00f3n, usted puede tener ciertos derechos con respecto a su\ninformaci\u00f3n personal, incluyendo:<\/span><\/p>\n\n<ul type=\"disc\">\n <li class=\"MsoNormal\" style=\"line-height:normal\"><span style=\"font-size:12.0pt;,serif\">Derecho a acceder a su\n     informaci\u00f3n personal<\/span><\/li>\n <li class=\"MsoNormal\" style=\"line-height:normal\"><span style=\"font-size:12.0pt;,serif\">Derecho a corregir su\n     informaci\u00f3n personal<\/span><\/li>\n <li class=\"MsoNormal\" style=\"line-height:normal\"><span style=\"font-size:12.0pt;,serif\">Derecho a eliminar su\n     informaci\u00f3n personal<\/span><\/li>\n <li class=\"MsoNormal\" style=\"line-height:normal\"><span style=\"font-size:12.0pt;,serif\">Derecho a restringir el procesamiento\n     de su informaci\u00f3n personal<\/span><\/li>\n <li class=\"MsoNormal\" style=\"line-height:normal\"><span style=\"font-size:12.0pt;,serif\">Derecho a la portabilidad de\n     sus datos<\/span><\/li>\n <li class=\"MsoNormal\" style=\"line-height:normal\"><span style=\"font-size:12.0pt;,serif\">Derecho a objetar el\n     procesamiento de su informaci\u00f3n personal<\/span><\/li>\n<\/ul>\n\n<p class=\"MsoNormal\" style=\"line-height:normal\"><span style=\"font-size:12.0pt;,serif\">Para\nejercer estos derechos, puede contactarnos a trav\u00e9s de los medios\nproporcionados al final de esta pol\u00edtica.<\/span><\/p>\n\n<p class=\"MsoNormal\" style=\"line-height:normal\"><b><span style=\"font-size:13.5pt;,serif\">7. Cookies y tecnolog\u00edas similares<\/span><\/b><\/p>\n\n<p class=\"MsoNormal\" style=\"line-height:normal\"><span style=\"font-size:12.0pt;,serif\">Utilizamos\ncookies y tecnolog\u00edas similares para mejorar su experiencia en nuestro sitio\nweb. Las cookies son peque\u00f1os archivos de texto que se almacenan en su\ndispositivo cuando visita nuestro sitio. Puede controlar el uso de cookies a\ntrav\u00e9s de la configuraci\u00f3n de su navegador.<\/span><\/p>\n\n<p class=\"MsoNormal\" style=\"line-height:normal\"><b><span style=\"font-size:13.5pt;,serif\">8. Enlaces a otros sitios web<\/span><\/b><\/p>\n\n<p class=\"MsoNormal\" style=\"line-height:normal\"><span style=\"font-size:12.0pt;,serif\">Nuestro\nsitio web puede contener enlaces a otros sitios web de terceros. No somos\nresponsables de las pr\u00e1cticas de privacidad ni del contenido de estos sitios\nweb. Le recomendamos revisar las pol\u00edticas de privacidad de cada sitio web que\nvisite.<\/span><\/p>\n\n<p class=\"MsoNormal\" style=\"line-height:normal\"><b><span style=\"font-size:13.5pt;,serif\">9. Cambios en esta pol\u00edtica<\/span><\/b><\/p>\n\n<p class=\"MsoNormal\" style=\"line-height:normal\"><span style=\"font-size:12.0pt;,serif\">Podemos\nactualizar esta Pol\u00edtica de Privacidad de vez en cuando para reflejar cambios\nen nuestras pr\u00e1cticas o en las leyes aplicables. Publicaremos cualquier cambio\nen nuestro sitio web y actualizaremos la fecha de \"\u00daltima\nactualizaci\u00f3n\" en la parte superior de esta pol\u00edtica. Le recomendamos\nrevisar peri\u00f3dicamente esta p\u00e1gina para estar al tanto de nuestras pr\u00e1cticas de\nprivacidad.<\/span><\/p>\n\n<p class=\"MsoNormal\" style=\"line-height:normal\"><b><span style=\"font-size:13.5pt;,serif\">10. Contacto<\/span><\/b><\/p>\n\n<p class=\"MsoNormal\" style=\"line-height:normal\"><span style=\"font-size:12.0pt;,serif\">Si tiene\nalguna pregunta o inquietud sobre esta Pol\u00edtica de Privacidad o sobre c\u00f3mo\nmanejamos su informaci\u00f3n personal, puede contactarnos a trav\u00e9s de:<\/span><\/p>\n\n<ul type=\"disc\">\n <li class=\"MsoNormal\" style=\"line-height:normal\"><b><span style=\"font-size:12.0pt;,serif\">Correo electr\u00f3nico: tecnologia@itp.edu.ec<\/span><\/b><\/li>\n <li class=\"MsoNormal\" style=\"line-height:normal\"><b><span style=\"font-size:12.0pt;,serif\">Tel\u00e9fono: 0999863051<\/span><\/b><br><span style=\"font-size:12.0pt;,serif\"><\/span><\/li>\n <li class=\"MsoNormal\" style=\"line-height:normal\"><b><span style=\"font-size:12.0pt;,serif\">Direcci\u00f3n postal:<\/span><\/b><span style=\"font-size:12.0pt;,serif\"> 170513   <\/span><\/li>\n<\/ul>\n\n<p class=\"MsoNormal\" style=\"line-height:normal\"><span style=\"font-size:12.0pt;,serif\">Agradecemos\nsu confianza en el Instituto T\u00e9cnico del Petr\u00f3leo, Minas e Industrias. Nos\ncomprometemos a proteger su privacidad y a manejar su informaci\u00f3n personal con\nel mayor cuidado y respeto.<\/span><\/p>\n\n<p class=\"MsoNormal\">&nbsp;<\/p>\n\n\n\n<\/h2>\t\t\t\t<\/div>\n\t\t\t\t<\/div>\n\t\t\t\t\t<\/div>\n\t\t<\/div>\n\t\t\t\t\t<\/div>\n\t\t<\/section>\n\t\t\t\t<\/div>","protected":false},"excerpt":{"rendered":"<p>Pol\u00edticas de Privacidad y Pol\u00edtica de Cookies En el Instituto T\u00e9cnico del Petr\u00f3leo, Minas e Industrias (ITP), valoramos y respetamos [&hellip;]<\/p>\n","protected":false},"author":2,"featured_media":0,"parent":0,"menu_order":0,"comment_status":"closed","ping_status":"closed","template":"","meta":{"nf_dc_page":"","content-type":"","_joinchat":[],"footnotes":""},"class_list":["post-13505","page","type-page","status-publish","hentry"],"yoast_head":"<!-- This site is optimized with the Yoast SEO Premium plugin v22.9 (Yoast SEO v27.4) - https:\/\/yoast.com\/product\/yoast-seo-premium-wordpress\/ -->\n<title>- Instituto T\u00e9cnico del Petr\u00f3leo Minas e Industrias<\/title>\n<meta name=\"robots\" content=\"index, follow, max-snippet:-1, max-image-preview:large, max-video-preview:-1\" \/>\n<link rel=\"canonical\" href=\"https:\/\/itp.edu.ec\/en\/politicas-de-privacidad\/\" \/>\n<meta property=\"og:locale\" content=\"en_US\" \/>\n<meta property=\"og:type\" content=\"article\" \/>\n<meta property=\"og:description\" content=\"Pol\u00edticas de Privacidad y Pol\u00edtica de Cookies En el Instituto T\u00e9cnico del Petr\u00f3leo, Minas e Industrias (ITP), valoramos y respetamos [&hellip;]\" \/>\n<meta property=\"og:url\" content=\"https:\/\/itp.edu.ec\/en\/politicas-de-privacidad\/\" \/>\n<meta property=\"og:site_name\" content=\"Instituto T\u00e9cnico del Petr\u00f3leo Minas e Industrias\" \/>\n<meta property=\"article:modified_time\" content=\"2024-07-01T20:14:19+00:00\" \/>\n<meta name=\"twitter:card\" content=\"summary_large_image\" \/>\n<meta name=\"twitter:label1\" content=\"Est. reading time\" \/>\n\t<meta name=\"twitter:data1\" content=\"3 minutes\" \/>\n<script type=\"application\/ld+json\" class=\"yoast-schema-graph\">{\"@context\":\"https:\\\/\\\/schema.org\",\"@graph\":[{\"@type\":\"WebPage\",\"@id\":\"https:\\\/\\\/itp.edu.ec\\\/politicas-de-privacidad\\\/\",\"url\":\"https:\\\/\\\/itp.edu.ec\\\/politicas-de-privacidad\\\/\",\"name\":\"- Instituto T\u00e9cnico del Petr\u00f3leo Minas e Industrias\",\"isPartOf\":{\"@id\":\"https:\\\/\\\/itp.edu.ec\\\/#website\"},\"datePublished\":\"2024-06-10T15:35:02+00:00\",\"dateModified\":\"2024-07-01T20:14:19+00:00\",\"inLanguage\":\"en-US\",\"potentialAction\":[{\"@type\":\"ReadAction\",\"target\":[\"https:\\\/\\\/itp.edu.ec\\\/politicas-de-privacidad\\\/\"]}]},{\"@type\":\"WebSite\",\"@id\":\"https:\\\/\\\/itp.edu.ec\\\/#website\",\"url\":\"https:\\\/\\\/itp.edu.ec\\\/\",\"name\":\"Instituto T\u00e9cnico del Petr\u00f3leo Minas e Industrias\",\"description\":\"Cursos de especialidades en Petr\u00f3leo, Minas e Industrias\",\"publisher\":{\"@id\":\"https:\\\/\\\/itp.edu.ec\\\/#organization\"},\"potentialAction\":[{\"@type\":\"SearchAction\",\"target\":{\"@type\":\"EntryPoint\",\"urlTemplate\":\"https:\\\/\\\/itp.edu.ec\\\/?s={search_term_string}\"},\"query-input\":{\"@type\":\"PropertyValueSpecification\",\"valueRequired\":true,\"valueName\":\"search_term_string\"}}],\"inLanguage\":\"en-US\"},{\"@type\":\"Organization\",\"@id\":\"https:\\\/\\\/itp.edu.ec\\\/#organization\",\"name\":\"Instituto T\u00e9cnico del Petr\u00f3leo Minas e Industrias\",\"url\":\"https:\\\/\\\/itp.edu.ec\\\/\",\"logo\":{\"@type\":\"ImageObject\",\"inLanguage\":\"en-US\",\"@id\":\"https:\\\/\\\/itp.edu.ec\\\/#\\\/schema\\\/logo\\\/image\\\/\",\"url\":\"https:\\\/\\\/itp.edu.ec\\\/wp-content\\\/uploads\\\/2022\\\/06\\\/logo_ITP_dark.png\",\"contentUrl\":\"https:\\\/\\\/itp.edu.ec\\\/wp-content\\\/uploads\\\/2022\\\/06\\\/logo_ITP_dark.png\",\"width\":205,\"height\":90,\"caption\":\"Instituto T\u00e9cnico del Petr\u00f3leo Minas e Industrias\"},\"image\":{\"@id\":\"https:\\\/\\\/itp.edu.ec\\\/#\\\/schema\\\/logo\\\/image\\\/\"}}]}<\/script>\n<!-- \/ Yoast SEO Premium plugin. -->","yoast_head_json":{"title":"- Instituto T\u00e9cnico del Petr\u00f3leo Minas e Industrias","robots":{"index":"index","follow":"follow","max-snippet":"max-snippet:-1","max-image-preview":"max-image-preview:large","max-video-preview":"max-video-preview:-1"},"canonical":"https:\/\/itp.edu.ec\/en\/politicas-de-privacidad\/","og_locale":"en_US","og_type":"article","og_description":"Pol\u00edticas de Privacidad y Pol\u00edtica de Cookies En el Instituto T\u00e9cnico del Petr\u00f3leo, Minas e Industrias (ITP), valoramos y respetamos [&hellip;]","og_url":"https:\/\/itp.edu.ec\/en\/politicas-de-privacidad\/","og_site_name":"Instituto T\u00e9cnico del Petr\u00f3leo Minas e Industrias","article_modified_time":"2024-07-01T20:14:19+00:00","twitter_card":"summary_large_image","twitter_misc":{"Est. reading time":"3 minutes"},"schema":{"@context":"https:\/\/schema.org","@graph":[{"@type":"WebPage","@id":"https:\/\/itp.edu.ec\/politicas-de-privacidad\/","url":"https:\/\/itp.edu.ec\/politicas-de-privacidad\/","name":"- Instituto T\u00e9cnico del Petr\u00f3leo Minas e Industrias","isPartOf":{"@id":"https:\/\/itp.edu.ec\/#website"},"datePublished":"2024-06-10T15:35:02+00:00","dateModified":"2024-07-01T20:14:19+00:00","inLanguage":"en-US","potentialAction":[{"@type":"ReadAction","target":["https:\/\/itp.edu.ec\/politicas-de-privacidad\/"]}]},{"@type":"WebSite","@id":"https:\/\/itp.edu.ec\/#website","url":"https:\/\/itp.edu.ec\/","name":"Instituto T\u00e9cnico del Petr\u00f3leo Minas e Industrias","description":"Cursos de especialidades en Petr\u00f3leo, Minas e Industrias","publisher":{"@id":"https:\/\/itp.edu.ec\/#organization"},"potentialAction":[{"@type":"SearchAction","target":{"@type":"EntryPoint","urlTemplate":"https:\/\/itp.edu.ec\/?s={search_term_string}"},"query-input":{"@type":"PropertyValueSpecification","valueRequired":true,"valueName":"search_term_string"}}],"inLanguage":"en-US"},{"@type":"Organization","@id":"https:\/\/itp.edu.ec\/#organization","name":"Instituto T\u00e9cnico del Petr\u00f3leo Minas e Industrias","url":"https:\/\/itp.edu.ec\/","logo":{"@type":"ImageObject","inLanguage":"en-US","@id":"https:\/\/itp.edu.ec\/#\/schema\/logo\/image\/","url":"https:\/\/itp.edu.ec\/wp-content\/uploads\/2022\/06\/logo_ITP_dark.png","contentUrl":"https:\/\/itp.edu.ec\/wp-content\/uploads\/2022\/06\/logo_ITP_dark.png","width":205,"height":90,"caption":"Instituto T\u00e9cnico del Petr\u00f3leo Minas e Industrias"},"image":{"@id":"https:\/\/itp.edu.ec\/#\/schema\/logo\/image\/"}}]}},"_links":{"self":[{"href":"https:\/\/itp.edu.ec\/en\/wp-json\/wp\/v2\/pages\/13505","targetHints":{"allow":["GET"]}}],"collection":[{"href":"https:\/\/itp.edu.ec\/en\/wp-json\/wp\/v2\/pages"}],"about":[{"href":"https:\/\/itp.edu.ec\/en\/wp-json\/wp\/v2\/types\/page"}],"author":[{"embeddable":true,"href":"https:\/\/itp.edu.ec\/en\/wp-json\/wp\/v2\/users\/2"}],"replies":[{"embeddable":true,"href":"https:\/\/itp.edu.ec\/en\/wp-json\/wp\/v2\/comments?post=13505"}],"version-history":[{"count":6,"href":"https:\/\/itp.edu.ec\/en\/wp-json\/wp\/v2\/pages\/13505\/revisions"}],"predecessor-version":[{"id":15809,"href":"https:\/\/itp.edu.ec\/en\/wp-json\/wp\/v2\/pages\/13505\/revisions\/15809"}],"wp:attachment":[{"href":"https:\/\/itp.edu.ec\/en\/wp-json\/wp\/v2\/media?parent=13505"}],"curies":[{"name":"wp","href":"https:\/\/api.w.org\/{rel}","templated":true}]}}