{"id":12116,"date":"2024-02-19T12:36:51","date_gmt":"2024-02-19T17:36:51","guid":{"rendered":"https:\/\/itp.edu.ec\/?page_id=12116"},"modified":"2024-07-03T11:50:56","modified_gmt":"2024-07-03T16:50:56","slug":"certificacion-de-competencias","status":"publish","type":"page","link":"https:\/\/itp.edu.ec\/en\/certificacion-de-competencias\/","title":{"rendered":""},"content":{"rendered":"<div data-elementor-type=\"wp-page\" data-elementor-id=\"12116\" class=\"elementor elementor-12116\" data-elementor-post-type=\"page\">\n\t\t\t\t\t\t<section class=\"elementor-section elementor-top-section elementor-element elementor-element-981893a elementor-section-boxed elementor-section-height-default elementor-section-height-default\" data-id=\"981893a\" data-element_type=\"section\" data-e-type=\"section\">\n\t\t\t\t\t\t<div class=\"elementor-container elementor-column-gap-default\">\n\t\t\t\t\t<div class=\"elementor-column elementor-col-100 elementor-top-column elementor-element elementor-element-761f51b\" data-id=\"761f51b\" data-element_type=\"column\" data-e-type=\"column\" data-settings=\"{&quot;coursector_ext_hide_logged_in&quot;:&quot;false&quot;}\">\n\t\t\t<div class=\"elementor-widget-wrap elementor-element-populated\">\n\t\t\t\t\t\t<div class=\"elementor-element elementor-element-8677153 elementor-widget elementor-widget-heading\" data-id=\"8677153\" data-element_type=\"widget\" data-e-type=\"widget\" data-settings=\"{&quot;coursector_ext_hide_logged_in&quot;:&quot;false&quot;}\" data-widget_type=\"heading.default\">\n\t\t\t\t<div class=\"elementor-widget-container\">\n\t\t\t\t\t<h1 class=\"elementor-heading-title elementor-size-default\">Certificaci\u00f3n de Competencias<\/h1>\t\t\t\t<\/div>\n\t\t\t\t<\/div>\n\t\t\t\t<div class=\"elementor-element elementor-element-13f2a0b elementor-widget elementor-widget-spacer\" data-id=\"13f2a0b\" data-element_type=\"widget\" data-e-type=\"widget\" data-settings=\"{&quot;coursector_ext_hide_logged_in&quot;:&quot;false&quot;}\" data-widget_type=\"spacer.default\">\n\t\t\t\t<div class=\"elementor-widget-container\">\n\t\t\t\t\t\t\t<div class=\"elementor-spacer\">\n\t\t\t<div class=\"elementor-spacer-inner\"><\/div>\n\t\t<\/div>\n\t\t\t\t\t\t<\/div>\n\t\t\t\t<\/div>\n\t\t\t\t<div class=\"elementor-element elementor-element-ef79a00 elementor-widget elementor-widget-coursector-course-grid\" data-id=\"ef79a00\" data-element_type=\"widget\" data-e-type=\"widget\" data-settings=\"{&quot;coursector_ext_hide_logged_in&quot;:&quot;false&quot;}\" data-widget_type=\"coursector-course-grid.default\">\n\t\t\t\t<div class=\"elementor-widget-container\">\n\t\t\t\t\t\n<div class=\"course_grid_container\">\n<div class=\"portfolio_classic_content_wrapper portfolio_classic layout_tg_three_cols  grid_template1\" data-cols=\"3\">\n\t\t <div class=\"portfolio_classic_grid_wrapper tg_three_cols   portfolio-1 tile scale-anm course_tooltip\" >\n\t\t\t\t\t<div class=\"card__img\" style=\"background-image:url(https:\/\/itp.edu.ec\/wp-content\/uploads\/2022\/06\/formador-de-formadores-700x466.jpg);\"><\/div>\n\t\t\t \n\t\t\t\t\t\t<span class=\"card__price\">Free<\/span>\n\t\t\t\t\t\t \n\t\t\t<a href=\"https:\/\/itp.edu.ec\/en\/course\/manejo-de-explosivos\/\" class=\"card_link\">\n\t\t\t\t<div class=\"card__img--hover\" style=\"background-image:url(https:\/\/itp.edu.ec\/wp-content\/uploads\/2022\/06\/formador-de-formadores-700x466.jpg);\"><\/div>\n\t\t\t<\/a>\n\n\t\t\t<div class=\"card__info\">\n\t\t\t\t\t\t\t    \n\t\t\t\t<h3 class=\"card__title\"><a href=\"https:\/\/itp.edu.ec\/en\/course\/manejo-de-explosivos\/\">Manejo de Explosivos<\/a><\/h3>\n\t\t\t\t\n\t\t\t\t<div class=\"card__rating\">\n\t\t\t\t\t\t\t    <\/div>\n\t\t\t\t\n\t\t\t\t\t\t\t\t<div class=\"card__excerpt\"><p>Entrenamiento especializado en manejo seguro de explosivos: precauci\u00f3n, precisi\u00f3n y...<\/p><\/div>\n\t\t\t\t\t\t\t\t\n\t\t\t\t\t\t\t\t<div class=\"card__meta_wrapper empty\">\n\t\t\t\t\t\t\t\t\t\t\n\t\t\t\t\t\t\t\t\t<\/div>\n\t\t  \t<\/div>\n\t\t\t\t<\/div>\n\t\t <div class=\"portfolio_classic_grid_wrapper tg_three_cols   portfolio-2 tile scale-anm course_tooltip\" >\n\t\t\t\t\t<div class=\"card__img\" style=\"background-image:url(https:\/\/itp.edu.ec\/wp-content\/uploads\/2022\/06\/curso-Certificacion_de_riesgos_laborales_en_energi\u0301a_electrica-700x466.jpg);\"><\/div>\n\t\t\t \n\t\t\t\t\t\t<span class=\"card__price\">Free<\/span>\n\t\t\t\t\t\t \n\t\t\t<a href=\"https:\/\/itp.edu.ec\/en\/course\/certificacion-en-prevencion-de-riesgos-laborales-en-actividades-electricas\/\" class=\"card_link\">\n\t\t\t\t<div class=\"card__img--hover\" style=\"background-image:url(https:\/\/itp.edu.ec\/wp-content\/uploads\/2022\/06\/curso-Certificacion_de_riesgos_laborales_en_energi\u0301a_electrica-700x466.jpg);\"><\/div>\n\t\t\t<\/a>\n\n\t\t\t<div class=\"card__info\">\n\t\t\t\t\t\t\t    \n\t\t\t\t<h3 class=\"card__title\"><a href=\"https:\/\/itp.edu.ec\/en\/course\/certificacion-en-prevencion-de-riesgos-laborales-en-actividades-electricas\/\">Certificaci\u00f3n en Prevenci\u00f3n de Riesgos Laborales en Actividades El\u00e9ctricas<\/a><\/h3>\n\t\t\t\t\n\t\t\t\t<div class=\"card__rating\">\n\t\t\t\t\t\t\t    <\/div>\n\t\t\t\t\n\t\t\t\t\t\t\t\t<div class=\"card__excerpt\"><p>Curso crucial para prevenir riesgos en energ\u00eda el\u00e9ctrica: seguridad total...<\/p><\/div>\n\t\t\t\t\t\t\t\t\n\t\t\t\t\t\t\t\t<div class=\"card__meta_wrapper empty\">\n\t\t\t\t\t\t\t\t\t\t\n\t\t\t\t\t\t\t\t\t<\/div>\n\t\t  \t<\/div>\n\t\t\t\t<\/div>\n\t\t <div class=\"portfolio_classic_grid_wrapper tg_three_cols last  portfolio-3 tile scale-anm course_tooltip\" >\n\t\t\t\t\t<div class=\"card__img\" style=\"background-image:url(https:\/\/itp.edu.ec\/wp-content\/uploads\/2022\/06\/curso-Certificacion_de_riesgos_laborales_en_obras_publicas-700x466.jpg);\"><\/div>\n\t\t\t \n\t\t\t\t\t\t<span class=\"card__price\">Free<\/span>\n\t\t\t\t\t\t \n\t\t\t<a href=\"https:\/\/itp.edu.ec\/en\/course\/certificacion-en-prevencion-de-riesgos-laborales-en-actividades-de-construccion\/\" class=\"card_link\">\n\t\t\t\t<div class=\"card__img--hover\" style=\"background-image:url(https:\/\/itp.edu.ec\/wp-content\/uploads\/2022\/06\/curso-Certificacion_de_riesgos_laborales_en_obras_publicas-700x466.jpg);\"><\/div>\n\t\t\t<\/a>\n\n\t\t\t<div class=\"card__info\">\n\t\t\t\t\t\t\t    \n\t\t\t\t<h3 class=\"card__title\"><a href=\"https:\/\/itp.edu.ec\/en\/course\/certificacion-en-prevencion-de-riesgos-laborales-en-actividades-de-construccion\/\">Certificaci\u00f3n en Prevenci\u00f3n de Riesgos Laborales en Actividades de Construcci\u00f3n<\/a><\/h3>\n\t\t\t\t\n\t\t\t\t<div class=\"card__rating\">\n\t\t\t\t\t\t\t    <\/div>\n\t\t\t\t\n\t\t\t\t\t\t\t\t<div class=\"card__excerpt\"><p>Formaci\u00f3n esencial garantizada en construcci\u00f3n y obras p\u00fablicas, eficacia...<\/p><\/div>\n\t\t\t\t\t\t\t\t\n\t\t\t\t\t\t\t\t<div class=\"card__meta_wrapper empty\">\n\t\t\t\t\t\t\t\t\t\t\n\t\t\t\t\t\t\t\t\t<\/div>\n\t\t  \t<\/div>\n\t\t\t\t<\/div>\n<br class=\"clear\"\/>\n<\/div>\n<\/div>\n<br class=\"clear\"\/>\t\t\t\t<\/div>\n\t\t\t\t<\/div>\n\t\t\t\t\t<\/div>\n\t\t<\/div>\n\t\t\t\t\t<\/div>\n\t\t<\/section>\n\t\t\t\t<section class=\"elementor-section elementor-top-section elementor-element elementor-element-c868d8f elementor-section-boxed elementor-section-height-default elementor-section-height-default\" data-id=\"c868d8f\" data-element_type=\"section\" data-e-type=\"section\">\n\t\t\t\t\t\t<div class=\"elementor-container elementor-column-gap-default\">\n\t\t\t\t\t<div class=\"elementor-column elementor-col-100 elementor-top-column elementor-element elementor-element-acbe1f3\" data-id=\"acbe1f3\" data-element_type=\"column\" data-e-type=\"column\" data-settings=\"{&quot;coursector_ext_hide_logged_in&quot;:&quot;false&quot;}\">\n\t\t\t<div class=\"elementor-widget-wrap elementor-element-populated\">\n\t\t\t\t\t\t<div class=\"elementor-element elementor-element-3a7e36b elementor-widget-divider--view-line elementor-widget elementor-widget-divider\" data-id=\"3a7e36b\" data-element_type=\"widget\" data-e-type=\"widget\" data-settings=\"{&quot;coursector_ext_hide_logged_in&quot;:&quot;false&quot;}\" data-widget_type=\"divider.default\">\n\t\t\t\t<div class=\"elementor-widget-container\">\n\t\t\t\t\t\t\t<div class=\"elementor-divider\">\n\t\t\t<span class=\"elementor-divider-separator\">\n\t\t\t\t\t\t<\/span>\n\t\t<\/div>\n\t\t\t\t\t\t<\/div>\n\t\t\t\t<\/div>\n\t\t\t\t\t<\/div>\n\t\t<\/div>\n\t\t\t\t\t<\/div>\n\t\t<\/section>\n\t\t\t\t<section class=\"elementor-section elementor-top-section elementor-element elementor-element-62ae238 elementor-section-boxed elementor-section-height-default elementor-section-height-default\" data-id=\"62ae238\" data-element_type=\"section\" data-e-type=\"section\">\n\t\t\t\t\t\t<div class=\"elementor-container elementor-column-gap-default\">\n\t\t\t\t\t<div class=\"elementor-column elementor-col-50 elementor-top-column elementor-element elementor-element-e4f2f23\" data-id=\"e4f2f23\" data-element_type=\"column\" data-e-type=\"column\" data-settings=\"{&quot;coursector_ext_hide_logged_in&quot;:&quot;false&quot;}\">\n\t\t\t<div class=\"elementor-widget-wrap elementor-element-populated\">\n\t\t\t\t\t\t<div class=\"elementor-element elementor-element-d51c0ea elementor-drop-cap-yes elementor-drop-cap-view-default elementor-widget elementor-widget-text-editor\" data-id=\"d51c0ea\" data-element_type=\"widget\" data-e-type=\"widget\" data-settings=\"{&quot;drop_cap&quot;:&quot;yes&quot;,&quot;coursector_ext_hide_logged_in&quot;:&quot;false&quot;}\" data-widget_type=\"text-editor.default\">\n\t\t\t\t<div class=\"elementor-widget-container\">\n\t\t\t\t\t\t\t\t\t<p>Explora nuestra oferta de cursos de certificaci\u00f3n y descubre c\u00f3mo podemos ayudarte a alcanzar tus metas profesionales. Desde certificaciones en prevenci\u00f3n de riesgos laborales: energ\u00eda el\u00e9ctrica y construcci\u00f3n, hasta formaci\u00f3n de formadores, tenemos el curso adecuado para ti. Nuestro compromiso es proporcionarte una experiencia de aprendizaje en l\u00ednea excepcional, con recursos interactivos, soporte dedicado y la flexibilidad que necesitas para estudiar a tu propio ritmo.<\/p><p>Nuestros cursos est\u00e1n dise\u00f1ados para preparar a los profesionales para destacar en el competitivo mundo laboral actual. Ofrecemos programas especializados que se centran en el desarrollo de habilidades espec\u00edficas, validadas a trav\u00e9s de est\u00e1ndares reconocidos con visualizaci\u00f3n en el Senecyt. Estos cursos est\u00e1n dirigidos a individuos que buscan mejorar sus competencias y a empresas que desean fortalecer las capacidades de su fuerza laboral.<\/p><p style=\"font-weight: 400; font-style: normal; font-size: 16px; font-family: Jost;\">Adem\u00e1s, disponemos de un equipo de instructores altamente cualificados y recursos de aprendizaje de vanguardia para asegurar una experiencia educativa completa y efectiva. Nuestros formadores, con amplia experiencia en sus respectivas \u00e1reas, utilizan metodolog\u00edas innovadoras y tecnolog\u00eda avanzada para facilitar el aprendizaje. Los materiales y herramientas proporcionados est\u00e1n actualizados con las \u00faltimas tendencias y pr\u00e1cticas del mercado, garantizando que los participantes adquieran conocimientos relevantes y aplicables. Esta combinaci\u00f3n de instructores expertos y recursos de alta calidad nos permite ofrecer programas de certificaci\u00f3n que no solo cumplen con los est\u00e1ndares internacionales, sino que tambi\u00e9n preparan a los estudiantes para enfrentar los desaf\u00edos profesionales con confianza.<\/p>\t\t\t\t\t\t\t\t<\/div>\n\t\t\t\t<\/div>\n\t\t\t\t\t<\/div>\n\t\t<\/div>\n\t\t\t\t<div class=\"elementor-column elementor-col-50 elementor-top-column elementor-element elementor-element-87d18b6\" data-id=\"87d18b6\" data-element_type=\"column\" data-e-type=\"column\" data-settings=\"{&quot;coursector_ext_hide_logged_in&quot;:&quot;false&quot;}\">\n\t\t\t<div class=\"elementor-widget-wrap elementor-element-populated\">\n\t\t\t\t\t\t<div class=\"elementor-element elementor-element-86864da elementor-button-warning elementor-align-center elementor-widget elementor-widget-button\" data-id=\"86864da\" data-element_type=\"widget\" data-e-type=\"widget\" data-settings=\"{&quot;coursector_ext_hide_logged_in&quot;:&quot;false&quot;}\" data-widget_type=\"button.default\">\n\t\t\t\t<div class=\"elementor-widget-container\">\n\t\t\t\t\t\t\t\t\t<div class=\"elementor-button-wrapper\">\n\t\t\t\t\t<a class=\"elementor-button elementor-button-link elementor-size-sm\" href=\"#competencias\" id=\"admision\">\n\t\t\t\t\t\t<span class=\"elementor-button-content-wrapper\">\n\t\t\t\t\t\t\t\t\t<span class=\"elementor-button-text\">ADMISSIONS<\/span>\n\t\t\t\t\t<\/span>\n\t\t\t\t\t<\/a>\n\t\t\t\t<\/div>\n\t\t\t\t\t\t\t\t<\/div>\n\t\t\t\t<\/div>\n\t\t\t\t\t<\/div>\n\t\t<\/div>\n\t\t\t\t\t<\/div>\n\t\t<\/section>\n\t\t\t\t<section class=\"elementor-section elementor-top-section elementor-element elementor-element-0009e54 elementor-section-boxed elementor-section-height-default elementor-section-height-default\" data-id=\"0009e54\" data-element_type=\"section\" data-e-type=\"section\">\n\t\t\t\t\t\t<div class=\"elementor-container elementor-column-gap-default\">\n\t\t\t\t\t<div class=\"elementor-column elementor-col-100 elementor-top-column elementor-element elementor-element-1d4d3a7\" data-id=\"1d4d3a7\" data-element_type=\"column\" data-e-type=\"column\" data-settings=\"{&quot;coursector_ext_hide_logged_in&quot;:&quot;false&quot;}\">\n\t\t\t<div class=\"elementor-widget-wrap elementor-element-populated\">\n\t\t\t\t\t\t<div class=\"elementor-element elementor-element-83e69e1 elementor-widget elementor-widget-menu-anchor\" data-id=\"83e69e1\" data-element_type=\"widget\" data-e-type=\"widget\" data-settings=\"{&quot;coursector_ext_hide_logged_in&quot;:&quot;false&quot;}\" data-widget_type=\"menu-anchor.default\">\n\t\t\t\t<div class=\"elementor-widget-container\">\n\t\t\t\t\t\t\t<div class=\"elementor-menu-anchor\" id=\"competencias\"><\/div>\n\t\t\t\t\t\t<\/div>\n\t\t\t\t<\/div>\n\t\t\t\t<div class=\"elementor-element elementor-element-6a04e6e elementor-widget-divider--view-line elementor-widget elementor-widget-divider\" data-id=\"6a04e6e\" data-element_type=\"widget\" data-e-type=\"widget\" data-settings=\"{&quot;coursector_ext_hide_logged_in&quot;:&quot;false&quot;}\" data-widget_type=\"divider.default\">\n\t\t\t\t<div class=\"elementor-widget-container\">\n\t\t\t\t\t\t\t<div class=\"elementor-divider\">\n\t\t\t<span class=\"elementor-divider-separator\">\n\t\t\t\t\t\t<\/span>\n\t\t<\/div>\n\t\t\t\t\t\t<\/div>\n\t\t\t\t<\/div>\n\t\t\t\t\t<\/div>\n\t\t<\/div>\n\t\t\t\t\t<\/div>\n\t\t<\/section>\n\t\t\t\t<section class=\"elementor-section elementor-top-section elementor-element elementor-element-a285541 elementor-section-boxed elementor-section-height-default elementor-section-height-default\" data-id=\"a285541\" data-element_type=\"section\" data-e-type=\"section\">\n\t\t\t\t\t\t<div class=\"elementor-container elementor-column-gap-default\">\n\t\t\t\t\t<div class=\"elementor-column elementor-col-50 elementor-top-column elementor-element elementor-element-f590312\" data-id=\"f590312\" data-element_type=\"column\" data-e-type=\"column\" data-settings=\"{&quot;coursector_ext_hide_logged_in&quot;:&quot;false&quot;}\">\n\t\t\t<div class=\"elementor-widget-wrap elementor-element-populated\">\n\t\t\t\t\t\t<div class=\"elementor-element elementor-element-d5b6990 elementor-widget elementor-widget-heading\" data-id=\"d5b6990\" data-element_type=\"widget\" data-e-type=\"widget\" data-settings=\"{&quot;coursector_ext_hide_logged_in&quot;:&quot;false&quot;}\" data-widget_type=\"heading.default\">\n\t\t\t\t<div class=\"elementor-widget-container\">\n\t\t\t\t\t<h2 class=\"elementor-heading-title elementor-size-default\">Construyendo Futuros<\/h2>\t\t\t\t<\/div>\n\t\t\t\t<\/div>\n\t\t\t\t<div class=\"elementor-element elementor-element-464ab0c elementor-widget elementor-widget-image\" data-id=\"464ab0c\" data-element_type=\"widget\" data-e-type=\"widget\" data-settings=\"{&quot;coursector_ext_hide_logged_in&quot;:&quot;false&quot;}\" data-widget_type=\"image.default\">\n\t\t\t\t<div class=\"elementor-widget-container\">\n\t\t\t\t\t\t\t\t\t\t\t\t\t\t\t<img fetchpriority=\"high\" decoding=\"async\" width=\"1024\" height=\"1024\" src=\"https:\/\/itp.edu.ec\/wp-content\/uploads\/2022\/06\/7000-1024x1024.jpeg\" class=\"attachment-large size-large wp-image-10919\" alt=\"\" srcset=\"https:\/\/itp.edu.ec\/wp-content\/uploads\/2022\/06\/7000-1024x1024.jpeg 1024w, https:\/\/itp.edu.ec\/wp-content\/uploads\/2022\/06\/7000-300x300.jpeg 300w, https:\/\/itp.edu.ec\/wp-content\/uploads\/2022\/06\/7000-100x100.jpeg 100w, https:\/\/itp.edu.ec\/wp-content\/uploads\/2022\/06\/7000-600x600.jpeg 600w, https:\/\/itp.edu.ec\/wp-content\/uploads\/2022\/06\/7000-150x150.jpeg 150w, https:\/\/itp.edu.ec\/wp-content\/uploads\/2022\/06\/7000-768x768.jpeg 768w, https:\/\/itp.edu.ec\/wp-content\/uploads\/2022\/06\/7000-440x440.jpeg 440w, https:\/\/itp.edu.ec\/wp-content\/uploads\/2022\/06\/7000-610x610.jpeg 610w, https:\/\/itp.edu.ec\/wp-content\/uploads\/2022\/06\/7000.jpeg 1200w\" sizes=\"(max-width: 1024px) 100vw, 1024px\" \/>\t\t\t\t\t\t\t\t\t\t\t\t\t\t\t<\/div>\n\t\t\t\t<\/div>\n\t\t\t\t\t<\/div>\n\t\t<\/div>\n\t\t\t\t<div class=\"elementor-column elementor-col-50 elementor-top-column elementor-element elementor-element-e89a20f\" data-id=\"e89a20f\" data-element_type=\"column\" data-e-type=\"column\" data-settings=\"{&quot;coursector_ext_hide_logged_in&quot;:&quot;false&quot;}\">\n\t\t\t<div class=\"elementor-widget-wrap elementor-element-populated\">\n\t\t\t\t\t\t<div class=\"elementor-element elementor-element-121a117 elementor-widget elementor-widget-heading\" data-id=\"121a117\" data-element_type=\"widget\" data-e-type=\"widget\" data-settings=\"{&quot;_animation&quot;:&quot;none&quot;,&quot;coursector_ext_hide_logged_in&quot;:&quot;false&quot;}\" data-widget_type=\"heading.default\">\n\t\t\t\t<div class=\"elementor-widget-container\">\n\t\t\t\t\t<h2 class=\"elementor-heading-title elementor-size-default\">Escr\u00edbenos<\/h2>\t\t\t\t<\/div>\n\t\t\t\t<\/div>\n\t\t\t\t<div class=\"elementor-element elementor-element-9746aad elementor-widget elementor-widget-html\" data-id=\"9746aad\" data-element_type=\"widget\" data-e-type=\"widget\" data-settings=\"{&quot;_animation&quot;:&quot;none&quot;,&quot;coursector_ext_hide_logged_in&quot;:&quot;false&quot;}\" data-widget_type=\"html.default\">\n\t\t\t\t<div class=\"elementor-widget-container\">\n\t\t\t\t\t<script charset=\"utf-8\" type=\"text\/javascript\" src=\"\/\/js.hsforms.net\/forms\/embed\/v2.js\"><\/script>\r\n<script>\r\n  hbspt.forms.create({\r\n    region: \"na1\",\r\n    portalId: \"44247298\",\r\n    formId: \"a3d16c82-ba03-4ab2-b883-363f35e79c26\"\r\n  });\r\n<\/script>\t\t\t\t<\/div>\n\t\t\t\t<\/div>\n\t\t\t\t\t<\/div>\n\t\t<\/div>\n\t\t\t\t\t<\/div>\n\t\t<\/section>\n\t\t\t\t<\/div>","protected":false},"excerpt":{"rendered":"<p>Certificaci\u00f3n de Competencias Sin costo Manejo de Explosivos Programa de certificaci\u00f3n de competencias laborales con aval del Ministerio de Trabajo&#8230; [&hellip;]<\/p>\n","protected":false},"author":2,"featured_media":0,"parent":0,"menu_order":0,"comment_status":"closed","ping_status":"closed","template":"","meta":{"nf_dc_page":"","content-type":"","_joinchat":[],"footnotes":""},"class_list":["post-12116","page","type-page","status-publish","hentry"],"yoast_head":"<!-- This site is optimized with the Yoast SEO Premium plugin v22.9 (Yoast SEO v27.4) - https:\/\/yoast.com\/product\/yoast-seo-premium-wordpress\/ -->\n<title>- Instituto T\u00e9cnico del Petr\u00f3leo Minas e Industrias<\/title>\n<meta name=\"robots\" content=\"index, follow, max-snippet:-1, max-image-preview:large, max-video-preview:-1\" \/>\n<link rel=\"canonical\" href=\"https:\/\/itp.edu.ec\/en\/certificacion-de-competencias\/\" \/>\n<meta property=\"og:locale\" content=\"en_US\" \/>\n<meta property=\"og:type\" content=\"article\" \/>\n<meta property=\"og:description\" content=\"Certificaci\u00f3n de Competencias Sin costo Manejo de Explosivos Programa de certificaci\u00f3n de competencias laborales con aval del Ministerio de Trabajo&#8230; [&hellip;]\" \/>\n<meta property=\"og:url\" content=\"https:\/\/itp.edu.ec\/en\/certificacion-de-competencias\/\" \/>\n<meta property=\"og:site_name\" content=\"Instituto T\u00e9cnico del Petr\u00f3leo Minas e Industrias\" \/>\n<meta property=\"article:modified_time\" content=\"2024-07-03T16:50:56+00:00\" \/>\n<meta property=\"og:image\" content=\"https:\/\/itp.edu.ec\/wp-content\/uploads\/2022\/06\/7000-1024x1024.jpeg\" \/>\n<meta name=\"twitter:card\" content=\"summary_large_image\" \/>\n<meta name=\"twitter:label1\" content=\"Est. reading time\" \/>\n\t<meta name=\"twitter:data1\" content=\"2 minutes\" \/>\n<script type=\"application\/ld+json\" class=\"yoast-schema-graph\">{\"@context\":\"https:\\\/\\\/schema.org\",\"@graph\":[{\"@type\":\"WebPage\",\"@id\":\"https:\\\/\\\/itp.edu.ec\\\/certificacion-de-competencias\\\/\",\"url\":\"https:\\\/\\\/itp.edu.ec\\\/certificacion-de-competencias\\\/\",\"name\":\"- Instituto T\u00e9cnico del Petr\u00f3leo Minas e Industrias\",\"isPartOf\":{\"@id\":\"https:\\\/\\\/itp.edu.ec\\\/#website\"},\"primaryImageOfPage\":{\"@id\":\"https:\\\/\\\/itp.edu.ec\\\/certificacion-de-competencias\\\/#primaryimage\"},\"image\":{\"@id\":\"https:\\\/\\\/itp.edu.ec\\\/certificacion-de-competencias\\\/#primaryimage\"},\"thumbnailUrl\":\"https:\\\/\\\/itp.edu.ec\\\/wp-content\\\/uploads\\\/2022\\\/06\\\/7000-1024x1024.jpeg\",\"datePublished\":\"2024-02-19T17:36:51+00:00\",\"dateModified\":\"2024-07-03T16:50:56+00:00\",\"inLanguage\":\"en-US\",\"potentialAction\":[{\"@type\":\"ReadAction\",\"target\":[\"https:\\\/\\\/itp.edu.ec\\\/certificacion-de-competencias\\\/\"]}]},{\"@type\":\"ImageObject\",\"inLanguage\":\"en-US\",\"@id\":\"https:\\\/\\\/itp.edu.ec\\\/certificacion-de-competencias\\\/#primaryimage\",\"url\":\"https:\\\/\\\/itp.edu.ec\\\/wp-content\\\/uploads\\\/2022\\\/06\\\/7000-1024x1024.jpeg\",\"contentUrl\":\"https:\\\/\\\/itp.edu.ec\\\/wp-content\\\/uploads\\\/2022\\\/06\\\/7000-1024x1024.jpeg\"},{\"@type\":\"WebSite\",\"@id\":\"https:\\\/\\\/itp.edu.ec\\\/#website\",\"url\":\"https:\\\/\\\/itp.edu.ec\\\/\",\"name\":\"Instituto T\u00e9cnico del Petr\u00f3leo Minas e Industrias\",\"description\":\"Cursos de especialidades en Petr\u00f3leo, Minas e Industrias\",\"publisher\":{\"@id\":\"https:\\\/\\\/itp.edu.ec\\\/#organization\"},\"potentialAction\":[{\"@type\":\"SearchAction\",\"target\":{\"@type\":\"EntryPoint\",\"urlTemplate\":\"https:\\\/\\\/itp.edu.ec\\\/?s={search_term_string}\"},\"query-input\":{\"@type\":\"PropertyValueSpecification\",\"valueRequired\":true,\"valueName\":\"search_term_string\"}}],\"inLanguage\":\"en-US\"},{\"@type\":\"Organization\",\"@id\":\"https:\\\/\\\/itp.edu.ec\\\/#organization\",\"name\":\"Instituto T\u00e9cnico del Petr\u00f3leo Minas e Industrias\",\"url\":\"https:\\\/\\\/itp.edu.ec\\\/\",\"logo\":{\"@type\":\"ImageObject\",\"inLanguage\":\"en-US\",\"@id\":\"https:\\\/\\\/itp.edu.ec\\\/#\\\/schema\\\/logo\\\/image\\\/\",\"url\":\"https:\\\/\\\/itp.edu.ec\\\/wp-content\\\/uploads\\\/2022\\\/06\\\/logo_ITP_dark.png\",\"contentUrl\":\"https:\\\/\\\/itp.edu.ec\\\/wp-content\\\/uploads\\\/2022\\\/06\\\/logo_ITP_dark.png\",\"width\":205,\"height\":90,\"caption\":\"Instituto T\u00e9cnico del Petr\u00f3leo Minas e Industrias\"},\"image\":{\"@id\":\"https:\\\/\\\/itp.edu.ec\\\/#\\\/schema\\\/logo\\\/image\\\/\"}}]}<\/script>\n<!-- \/ Yoast SEO Premium plugin. -->","yoast_head_json":{"title":"- Instituto T\u00e9cnico del Petr\u00f3leo Minas e Industrias","robots":{"index":"index","follow":"follow","max-snippet":"max-snippet:-1","max-image-preview":"max-image-preview:large","max-video-preview":"max-video-preview:-1"},"canonical":"https:\/\/itp.edu.ec\/en\/certificacion-de-competencias\/","og_locale":"en_US","og_type":"article","og_description":"Certificaci\u00f3n de Competencias Sin costo Manejo de Explosivos Programa de certificaci\u00f3n de competencias laborales con aval del Ministerio de Trabajo&#8230; [&hellip;]","og_url":"https:\/\/itp.edu.ec\/en\/certificacion-de-competencias\/","og_site_name":"Instituto T\u00e9cnico del Petr\u00f3leo Minas e Industrias","article_modified_time":"2024-07-03T16:50:56+00:00","og_image":[{"url":"https:\/\/itp.edu.ec\/wp-content\/uploads\/2022\/06\/7000-1024x1024.jpeg","type":"","width":"","height":""}],"twitter_card":"summary_large_image","twitter_misc":{"Est. reading time":"2 minutes"},"schema":{"@context":"https:\/\/schema.org","@graph":[{"@type":"WebPage","@id":"https:\/\/itp.edu.ec\/certificacion-de-competencias\/","url":"https:\/\/itp.edu.ec\/certificacion-de-competencias\/","name":"- Instituto T\u00e9cnico del Petr\u00f3leo Minas e Industrias","isPartOf":{"@id":"https:\/\/itp.edu.ec\/#website"},"primaryImageOfPage":{"@id":"https:\/\/itp.edu.ec\/certificacion-de-competencias\/#primaryimage"},"image":{"@id":"https:\/\/itp.edu.ec\/certificacion-de-competencias\/#primaryimage"},"thumbnailUrl":"https:\/\/itp.edu.ec\/wp-content\/uploads\/2022\/06\/7000-1024x1024.jpeg","datePublished":"2024-02-19T17:36:51+00:00","dateModified":"2024-07-03T16:50:56+00:00","inLanguage":"en-US","potentialAction":[{"@type":"ReadAction","target":["https:\/\/itp.edu.ec\/certificacion-de-competencias\/"]}]},{"@type":"ImageObject","inLanguage":"en-US","@id":"https:\/\/itp.edu.ec\/certificacion-de-competencias\/#primaryimage","url":"https:\/\/itp.edu.ec\/wp-content\/uploads\/2022\/06\/7000-1024x1024.jpeg","contentUrl":"https:\/\/itp.edu.ec\/wp-content\/uploads\/2022\/06\/7000-1024x1024.jpeg"},{"@type":"WebSite","@id":"https:\/\/itp.edu.ec\/#website","url":"https:\/\/itp.edu.ec\/","name":"Instituto T\u00e9cnico del Petr\u00f3leo Minas e Industrias","description":"Cursos de especialidades en Petr\u00f3leo, Minas e Industrias","publisher":{"@id":"https:\/\/itp.edu.ec\/#organization"},"potentialAction":[{"@type":"SearchAction","target":{"@type":"EntryPoint","urlTemplate":"https:\/\/itp.edu.ec\/?s={search_term_string}"},"query-input":{"@type":"PropertyValueSpecification","valueRequired":true,"valueName":"search_term_string"}}],"inLanguage":"en-US"},{"@type":"Organization","@id":"https:\/\/itp.edu.ec\/#organization","name":"Instituto T\u00e9cnico del Petr\u00f3leo Minas e Industrias","url":"https:\/\/itp.edu.ec\/","logo":{"@type":"ImageObject","inLanguage":"en-US","@id":"https:\/\/itp.edu.ec\/#\/schema\/logo\/image\/","url":"https:\/\/itp.edu.ec\/wp-content\/uploads\/2022\/06\/logo_ITP_dark.png","contentUrl":"https:\/\/itp.edu.ec\/wp-content\/uploads\/2022\/06\/logo_ITP_dark.png","width":205,"height":90,"caption":"Instituto T\u00e9cnico del Petr\u00f3leo Minas e Industrias"},"image":{"@id":"https:\/\/itp.edu.ec\/#\/schema\/logo\/image\/"}}]}},"_links":{"self":[{"href":"https:\/\/itp.edu.ec\/en\/wp-json\/wp\/v2\/pages\/12116","targetHints":{"allow":["GET"]}}],"collection":[{"href":"https:\/\/itp.edu.ec\/en\/wp-json\/wp\/v2\/pages"}],"about":[{"href":"https:\/\/itp.edu.ec\/en\/wp-json\/wp\/v2\/types\/page"}],"author":[{"embeddable":true,"href":"https:\/\/itp.edu.ec\/en\/wp-json\/wp\/v2\/users\/2"}],"replies":[{"embeddable":true,"href":"https:\/\/itp.edu.ec\/en\/wp-json\/wp\/v2\/comments?post=12116"}],"version-history":[{"count":6,"href":"https:\/\/itp.edu.ec\/en\/wp-json\/wp\/v2\/pages\/12116\/revisions"}],"predecessor-version":[{"id":15808,"href":"https:\/\/itp.edu.ec\/en\/wp-json\/wp\/v2\/pages\/12116\/revisions\/15808"}],"wp:attachment":[{"href":"https:\/\/itp.edu.ec\/en\/wp-json\/wp\/v2\/media?parent=12116"}],"curies":[{"name":"wp","href":"https:\/\/api.w.org\/{rel}","templated":true}]}}