{"id":10170,"date":"2024-01-26T15:47:24","date_gmt":"2024-01-26T20:47:24","guid":{"rendered":"https:\/\/itp.edu.ec\/?page_id=10170"},"modified":"2024-01-26T15:51:45","modified_gmt":"2024-01-26T20:51:45","slug":"testimonios","status":"publish","type":"page","link":"https:\/\/itp.edu.ec\/en\/testimonios\/","title":{"rendered":"Testimonios"},"content":{"rendered":"<div data-elementor-type=\"wp-page\" data-elementor-id=\"10170\" class=\"elementor elementor-10170\" data-elementor-post-type=\"page\">\n\t\t\t\t\t\t<section class=\"elementor-section elementor-top-section elementor-element elementor-element-5bd1bea elementor-section-boxed elementor-section-height-default elementor-section-height-default\" data-id=\"5bd1bea\" data-element_type=\"section\" data-e-type=\"section\">\n\t\t\t\t\t\t<div class=\"elementor-container elementor-column-gap-default\">\n\t\t\t\t\t<div class=\"elementor-column elementor-col-100 elementor-top-column elementor-element elementor-element-da17591\" data-id=\"da17591\" data-element_type=\"column\" data-e-type=\"column\" data-settings=\"{&quot;coursector_ext_hide_logged_in&quot;:&quot;false&quot;}\">\n\t\t\t<div class=\"elementor-widget-wrap elementor-element-populated\">\n\t\t\t\t\t\t<div class=\"elementor-element elementor-element-3d88be7 elementor-widget elementor-widget-heading\" data-id=\"3d88be7\" data-element_type=\"widget\" data-e-type=\"widget\" data-settings=\"{&quot;coursector_ext_hide_logged_in&quot;:&quot;false&quot;}\" data-widget_type=\"heading.default\">\n\t\t\t\t<div class=\"elementor-widget-container\">\n\t\t\t\t\t<h2 class=\"elementor-heading-title elementor-size-default\">Testimonio de Nuestros Clientes<\/h2>\t\t\t\t<\/div>\n\t\t\t\t<\/div>\n\t\t\t\t\t<\/div>\n\t\t<\/div>\n\t\t\t\t\t<\/div>\n\t\t<\/section>\n\t\t\t\t<section class=\"elementor-section elementor-top-section elementor-element elementor-element-ca9d281 elementor-section-boxed elementor-section-height-default elementor-section-height-default\" data-id=\"ca9d281\" data-element_type=\"section\" data-e-type=\"section\">\n\t\t\t\t\t\t<div class=\"elementor-container elementor-column-gap-default\">\n\t\t\t\t\t<div class=\"elementor-column elementor-col-100 elementor-top-column elementor-element elementor-element-c3e0eeb\" data-id=\"c3e0eeb\" data-element_type=\"column\" data-e-type=\"column\" data-settings=\"{&quot;coursector_ext_hide_logged_in&quot;:&quot;false&quot;}\">\n\t\t\t<div class=\"elementor-widget-wrap elementor-element-populated\">\n\t\t\t\t\t\t<section class=\"elementor-section elementor-inner-section elementor-element elementor-element-ae7d9b5 elementor-section-boxed elementor-section-height-default elementor-section-height-default\" data-id=\"ae7d9b5\" data-element_type=\"section\" data-e-type=\"section\">\n\t\t\t\t\t\t<div class=\"elementor-container elementor-column-gap-default\">\n\t\t\t\t\t<div class=\"elementor-column elementor-col-33 elementor-inner-column elementor-element elementor-element-6f7f107\" data-id=\"6f7f107\" data-element_type=\"column\" data-e-type=\"column\" data-settings=\"{&quot;coursector_ext_hide_logged_in&quot;:&quot;false&quot;}\">\n\t\t\t<div class=\"elementor-widget-wrap elementor-element-populated\">\n\t\t\t\t\t\t<div class=\"elementor-element elementor-element-11a2b1a elementor-widget elementor-widget-testimonial\" data-id=\"11a2b1a\" data-element_type=\"widget\" data-e-type=\"widget\" data-settings=\"{&quot;coursector_ext_hide_logged_in&quot;:&quot;false&quot;}\" data-widget_type=\"testimonial.default\">\n\t\t\t\t<div class=\"elementor-widget-container\">\n\t\t\t\t\t\t\t<div class=\"elementor-testimonial-wrapper\">\n\t\t\t\t\t\t\t<div class=\"elementor-testimonial-content\">\"Recib\u00ed el curso de Prevenci\u00f3n de Riesgos Laborales El\u00e9ctricos, lo cual me ha servido mucho para el \u00e1mbito profesional, para desarrollar mi carrera y efectivizar mi trabajo. Considero que esta instituci\u00f3n es una de las mejores del pa\u00eds, que brinda muy buenos cursos, con buenos asesores y es muy recomendable para todos los profesionales del Ecuador.\"<\/div>\n\t\t\t\n\t\t\t\t\t\t<div class=\"elementor-testimonial-meta elementor-has-image elementor-testimonial-image-position-aside\">\n\t\t\t\t<div class=\"elementor-testimonial-meta-inner\">\n\t\t\t\t\t\t\t\t\t\t\t<div class=\"elementor-testimonial-image\">\n\t\t\t\t\t\t\t<img fetchpriority=\"high\" decoding=\"async\" width=\"1200\" height=\"1200\" src=\"https:\/\/itp.edu.ec\/wp-content\/uploads\/2022\/07\/Alberto-Aldaz.jpg\" class=\"attachment-full size-full wp-image-4684\" alt=\"Testimonios Clientes ITP - Alberto Aldaz\" srcset=\"https:\/\/itp.edu.ec\/wp-content\/uploads\/2022\/07\/Alberto-Aldaz.jpg 1200w, https:\/\/itp.edu.ec\/wp-content\/uploads\/2022\/07\/Alberto-Aldaz-300x300.jpg 300w, https:\/\/itp.edu.ec\/wp-content\/uploads\/2022\/07\/Alberto-Aldaz-100x100.jpg 100w, https:\/\/itp.edu.ec\/wp-content\/uploads\/2022\/07\/Alberto-Aldaz-600x600.jpg 600w, https:\/\/itp.edu.ec\/wp-content\/uploads\/2022\/07\/Alberto-Aldaz-1024x1024.jpg 1024w, https:\/\/itp.edu.ec\/wp-content\/uploads\/2022\/07\/Alberto-Aldaz-150x150.jpg 150w, https:\/\/itp.edu.ec\/wp-content\/uploads\/2022\/07\/Alberto-Aldaz-768x768.jpg 768w, https:\/\/itp.edu.ec\/wp-content\/uploads\/2022\/07\/Alberto-Aldaz-440x440.jpg 440w, https:\/\/itp.edu.ec\/wp-content\/uploads\/2022\/07\/Alberto-Aldaz-610x610.jpg 610w\" sizes=\"(max-width: 1200px) 100vw, 1200px\" \/>\t\t\t\t\t\t<\/div>\n\t\t\t\t\t\n\t\t\t\t\t\t\t\t\t\t<div class=\"elementor-testimonial-details\">\n\t\t\t\t\t\t\t\t\t\t\t\t\t\t<div class=\"elementor-testimonial-name\">Alberto Aldaz<\/div>\n\t\t\t\t\t\t\t\t\t\t\t\t\t\t\t\t\t\t\t\t\t\t<div class=\"elementor-testimonial-job\">Ingeniero Petrolero<\/div>\n\t\t\t\t\t\t\t\t\t\t\t\t\t<\/div>\n\t\t\t\t\t\t\t\t\t<\/div>\n\t\t\t<\/div>\n\t\t\t\t\t<\/div>\n\t\t\t\t\t\t<\/div>\n\t\t\t\t<\/div>\n\t\t\t\t\t<\/div>\n\t\t<\/div>\n\t\t\t\t<div class=\"elementor-column elementor-col-33 elementor-inner-column elementor-element elementor-element-40268e7\" data-id=\"40268e7\" data-element_type=\"column\" data-e-type=\"column\" data-settings=\"{&quot;coursector_ext_hide_logged_in&quot;:&quot;false&quot;}\">\n\t\t\t<div class=\"elementor-widget-wrap elementor-element-populated\">\n\t\t\t\t\t\t<div class=\"elementor-element elementor-element-8b210fb elementor-widget elementor-widget-testimonial\" data-id=\"8b210fb\" data-element_type=\"widget\" data-e-type=\"widget\" data-settings=\"{&quot;coursector_ext_hide_logged_in&quot;:&quot;false&quot;}\" data-widget_type=\"testimonial.default\">\n\t\t\t\t<div class=\"elementor-widget-container\">\n\t\t\t\t\t\t\t<div class=\"elementor-testimonial-wrapper\">\n\t\t\t\t\t\t\t<div class=\"elementor-testimonial-content\">\"Yo he participado del curso de FISCALIZACI\u00d3N DE OBRAS MEC\u00c1NICAS Q\/A Q\/C SOLDADURA.\nLa verdad cumpli\u00f3 mis expectativas, me siento realmente satisfecho. \nLa informaci\u00f3n que recib\u00ed fue bastante \u00fatil. El instructor se supo dar a entender de la mejor manera. Creo que se utilizaron todos los recursos que eran necesarios para llevar el curso correctamente. \nEn general bastante satisfecho y tranquilo. <br>Con los contenidos muy claros respecto a este tema.\"<\/div>\n\t\t\t\n\t\t\t\t\t\t<div class=\"elementor-testimonial-meta elementor-has-image elementor-testimonial-image-position-aside\">\n\t\t\t\t<div class=\"elementor-testimonial-meta-inner\">\n\t\t\t\t\t\t\t\t\t\t\t<div class=\"elementor-testimonial-image\">\n\t\t\t\t\t\t\t<img decoding=\"async\" width=\"203\" height=\"194\" src=\"https:\/\/itp.edu.ec\/wp-content\/uploads\/2023\/04\/jsalazar.png\" class=\"attachment-full size-full wp-image-5938\" alt=\"Testimonio IT\" \/>\t\t\t\t\t\t<\/div>\n\t\t\t\t\t\n\t\t\t\t\t\t\t\t\t\t<div class=\"elementor-testimonial-details\">\n\t\t\t\t\t\t\t\t\t\t\t\t\t\t<div class=\"elementor-testimonial-name\">Jaime Salazar<\/div>\n\t\t\t\t\t\t\t\t\t\t\t\t\t\t\t\t\t\t\t\t\t\t<div class=\"elementor-testimonial-job\">Estudiante Particular<\/div>\n\t\t\t\t\t\t\t\t\t\t\t\t\t<\/div>\n\t\t\t\t\t\t\t\t\t<\/div>\n\t\t\t<\/div>\n\t\t\t\t\t<\/div>\n\t\t\t\t\t\t<\/div>\n\t\t\t\t<\/div>\n\t\t\t\t\t<\/div>\n\t\t<\/div>\n\t\t\t\t<div class=\"elementor-column elementor-col-33 elementor-inner-column elementor-element elementor-element-0bb1578\" data-id=\"0bb1578\" data-element_type=\"column\" data-e-type=\"column\" data-settings=\"{&quot;coursector_ext_hide_logged_in&quot;:&quot;false&quot;}\">\n\t\t\t<div class=\"elementor-widget-wrap elementor-element-populated\">\n\t\t\t\t\t\t<div class=\"elementor-element elementor-element-b688066 elementor-widget elementor-widget-testimonial\" data-id=\"b688066\" data-element_type=\"widget\" data-e-type=\"widget\" data-settings=\"{&quot;coursector_ext_hide_logged_in&quot;:&quot;false&quot;}\" data-widget_type=\"testimonial.default\">\n\t\t\t\t<div class=\"elementor-widget-container\">\n\t\t\t\t\t\t\t<div class=\"elementor-testimonial-wrapper\">\n\t\t\t\t\t\t\t<div class=\"elementor-testimonial-content\">\"He tomado el curso de WELL CONTROL combinado. Me parece un curso superinteresante, adem\u00e1s los instructores son bastante claros, las t\u00e9cnicas de aprendizaje y la metodolog\u00eda que utilizan, a pesar de ser virtual, no lo hace nada aburrido. Es superinteresante todo lo que ense\u00f1an, los instructores son claros. Es un muy buen curso.\"<\/div>\n\t\t\t\n\t\t\t\t\t\t<div class=\"elementor-testimonial-meta elementor-has-image elementor-testimonial-image-position-aside\">\n\t\t\t\t<div class=\"elementor-testimonial-meta-inner\">\n\t\t\t\t\t\t\t\t\t\t\t<div class=\"elementor-testimonial-image\">\n\t\t\t\t\t\t\t<img decoding=\"async\" width=\"1200\" height=\"1200\" src=\"https:\/\/itp.edu.ec\/wp-content\/uploads\/2022\/07\/Mario-Heredia.jpg\" class=\"attachment-full size-full wp-image-4686\" alt=\"Testimonios Clientes ITP - Mario Heredia\" srcset=\"https:\/\/itp.edu.ec\/wp-content\/uploads\/2022\/07\/Mario-Heredia.jpg 1200w, https:\/\/itp.edu.ec\/wp-content\/uploads\/2022\/07\/Mario-Heredia-300x300.jpg 300w, https:\/\/itp.edu.ec\/wp-content\/uploads\/2022\/07\/Mario-Heredia-100x100.jpg 100w, https:\/\/itp.edu.ec\/wp-content\/uploads\/2022\/07\/Mario-Heredia-600x600.jpg 600w, https:\/\/itp.edu.ec\/wp-content\/uploads\/2022\/07\/Mario-Heredia-1024x1024.jpg 1024w, https:\/\/itp.edu.ec\/wp-content\/uploads\/2022\/07\/Mario-Heredia-150x150.jpg 150w, https:\/\/itp.edu.ec\/wp-content\/uploads\/2022\/07\/Mario-Heredia-768x768.jpg 768w, https:\/\/itp.edu.ec\/wp-content\/uploads\/2022\/07\/Mario-Heredia-440x440.jpg 440w, https:\/\/itp.edu.ec\/wp-content\/uploads\/2022\/07\/Mario-Heredia-610x610.jpg 610w\" sizes=\"(max-width: 1200px) 100vw, 1200px\" \/>\t\t\t\t\t\t<\/div>\n\t\t\t\t\t\n\t\t\t\t\t\t\t\t\t\t<div class=\"elementor-testimonial-details\">\n\t\t\t\t\t\t\t\t\t\t\t\t\t\t<div class=\"elementor-testimonial-name\">Mario Heredia<\/div>\n\t\t\t\t\t\t\t\t\t\t\t\t\t\t\t\t\t\t\t\t\t\t<div class=\"elementor-testimonial-job\">CNLC Ecuador Corporaci\u00f3n S.A.<\/div>\n\t\t\t\t\t\t\t\t\t\t\t\t\t<\/div>\n\t\t\t\t\t\t\t\t\t<\/div>\n\t\t\t<\/div>\n\t\t\t\t\t<\/div>\n\t\t\t\t\t\t<\/div>\n\t\t\t\t<\/div>\n\t\t\t\t\t<\/div>\n\t\t<\/div>\n\t\t\t\t\t<\/div>\n\t\t<\/section>\n\t\t\t\t\t<\/div>\n\t\t<\/div>\n\t\t\t\t\t<\/div>\n\t\t<\/section>\n\t\t\t\t<\/div>","protected":false},"excerpt":{"rendered":"<p>Testimonio de Nuestros Clientes &#8220;Recib\u00ed el curso de Prevenci\u00f3n de Riesgos Laborales El\u00e9ctricos, lo cual me ha servido mucho para [&hellip;]<\/p>\n","protected":false},"author":2,"featured_media":0,"parent":0,"menu_order":0,"comment_status":"closed","ping_status":"closed","template":"","meta":{"nf_dc_page":"","content-type":"","_joinchat":[],"footnotes":""},"class_list":["post-10170","page","type-page","status-publish","hentry"],"yoast_head":"<!-- This site is optimized with the Yoast SEO Premium plugin v22.9 (Yoast SEO v27.4) - https:\/\/yoast.com\/product\/yoast-seo-premium-wordpress\/ -->\n<title>Testimonios - Instituto T\u00e9cnico del Petr\u00f3leo Minas e Industrias<\/title>\n<meta name=\"robots\" content=\"index, follow, max-snippet:-1, max-image-preview:large, max-video-preview:-1\" \/>\n<link rel=\"canonical\" href=\"https:\/\/itp.edu.ec\/en\/testimonios\/\" \/>\n<meta property=\"og:locale\" content=\"en_US\" \/>\n<meta property=\"og:type\" content=\"article\" \/>\n<meta property=\"og:title\" content=\"Testimonios\" \/>\n<meta property=\"og:description\" content=\"Testimonio de Nuestros Clientes &#8220;Recib\u00ed el curso de Prevenci\u00f3n de Riesgos Laborales El\u00e9ctricos, lo cual me ha servido mucho para [&hellip;]\" \/>\n<meta property=\"og:url\" content=\"https:\/\/itp.edu.ec\/en\/testimonios\/\" \/>\n<meta property=\"og:site_name\" content=\"Instituto T\u00e9cnico del Petr\u00f3leo Minas e Industrias\" \/>\n<meta property=\"article:modified_time\" content=\"2024-01-26T20:51:45+00:00\" \/>\n<meta property=\"og:image\" content=\"https:\/\/itp.edu.ec\/wp-content\/uploads\/2022\/07\/Alberto-Aldaz.jpg\" \/>\n<meta name=\"twitter:card\" content=\"summary_large_image\" \/>\n<meta name=\"twitter:label1\" content=\"Est. reading time\" \/>\n\t<meta name=\"twitter:data1\" content=\"2 minutes\" \/>\n<script type=\"application\/ld+json\" class=\"yoast-schema-graph\">{\"@context\":\"https:\\\/\\\/schema.org\",\"@graph\":[{\"@type\":\"WebPage\",\"@id\":\"https:\\\/\\\/itp.edu.ec\\\/testimonios\\\/\",\"url\":\"https:\\\/\\\/itp.edu.ec\\\/testimonios\\\/\",\"name\":\"Testimonios - Instituto T\u00e9cnico del Petr\u00f3leo Minas e Industrias\",\"isPartOf\":{\"@id\":\"https:\\\/\\\/itp.edu.ec\\\/#website\"},\"primaryImageOfPage\":{\"@id\":\"https:\\\/\\\/itp.edu.ec\\\/testimonios\\\/#primaryimage\"},\"image\":{\"@id\":\"https:\\\/\\\/itp.edu.ec\\\/testimonios\\\/#primaryimage\"},\"thumbnailUrl\":\"https:\\\/\\\/itp.edu.ec\\\/wp-content\\\/uploads\\\/2022\\\/07\\\/Alberto-Aldaz.jpg\",\"datePublished\":\"2024-01-26T20:47:24+00:00\",\"dateModified\":\"2024-01-26T20:51:45+00:00\",\"breadcrumb\":{\"@id\":\"https:\\\/\\\/itp.edu.ec\\\/testimonios\\\/#breadcrumb\"},\"inLanguage\":\"en-US\",\"potentialAction\":[{\"@type\":\"ReadAction\",\"target\":[\"https:\\\/\\\/itp.edu.ec\\\/testimonios\\\/\"]}]},{\"@type\":\"ImageObject\",\"inLanguage\":\"en-US\",\"@id\":\"https:\\\/\\\/itp.edu.ec\\\/testimonios\\\/#primaryimage\",\"url\":\"https:\\\/\\\/itp.edu.ec\\\/wp-content\\\/uploads\\\/2022\\\/07\\\/Alberto-Aldaz.jpg\",\"contentUrl\":\"https:\\\/\\\/itp.edu.ec\\\/wp-content\\\/uploads\\\/2022\\\/07\\\/Alberto-Aldaz.jpg\"},{\"@type\":\"BreadcrumbList\",\"@id\":\"https:\\\/\\\/itp.edu.ec\\\/testimonios\\\/#breadcrumb\",\"itemListElement\":[{\"@type\":\"ListItem\",\"position\":1,\"name\":\"Portada\",\"item\":\"https:\\\/\\\/itp.edu.ec\\\/\"},{\"@type\":\"ListItem\",\"position\":2,\"name\":\"Testimonios\"}]},{\"@type\":\"WebSite\",\"@id\":\"https:\\\/\\\/itp.edu.ec\\\/#website\",\"url\":\"https:\\\/\\\/itp.edu.ec\\\/\",\"name\":\"Instituto T\u00e9cnico del Petr\u00f3leo Minas e Industrias\",\"description\":\"Cursos de especialidades en Petr\u00f3leo, Minas e Industrias\",\"publisher\":{\"@id\":\"https:\\\/\\\/itp.edu.ec\\\/#organization\"},\"potentialAction\":[{\"@type\":\"SearchAction\",\"target\":{\"@type\":\"EntryPoint\",\"urlTemplate\":\"https:\\\/\\\/itp.edu.ec\\\/?s={search_term_string}\"},\"query-input\":{\"@type\":\"PropertyValueSpecification\",\"valueRequired\":true,\"valueName\":\"search_term_string\"}}],\"inLanguage\":\"en-US\"},{\"@type\":\"Organization\",\"@id\":\"https:\\\/\\\/itp.edu.ec\\\/#organization\",\"name\":\"Instituto T\u00e9cnico del Petr\u00f3leo Minas e Industrias\",\"url\":\"https:\\\/\\\/itp.edu.ec\\\/\",\"logo\":{\"@type\":\"ImageObject\",\"inLanguage\":\"en-US\",\"@id\":\"https:\\\/\\\/itp.edu.ec\\\/#\\\/schema\\\/logo\\\/image\\\/\",\"url\":\"https:\\\/\\\/itp.edu.ec\\\/wp-content\\\/uploads\\\/2022\\\/06\\\/logo_ITP_dark.png\",\"contentUrl\":\"https:\\\/\\\/itp.edu.ec\\\/wp-content\\\/uploads\\\/2022\\\/06\\\/logo_ITP_dark.png\",\"width\":205,\"height\":90,\"caption\":\"Instituto T\u00e9cnico del Petr\u00f3leo Minas e Industrias\"},\"image\":{\"@id\":\"https:\\\/\\\/itp.edu.ec\\\/#\\\/schema\\\/logo\\\/image\\\/\"}}]}<\/script>\n<!-- \/ Yoast SEO Premium plugin. -->","yoast_head_json":{"title":"Testimonios - Instituto T\u00e9cnico del Petr\u00f3leo Minas e Industrias","robots":{"index":"index","follow":"follow","max-snippet":"max-snippet:-1","max-image-preview":"max-image-preview:large","max-video-preview":"max-video-preview:-1"},"canonical":"https:\/\/itp.edu.ec\/en\/testimonios\/","og_locale":"en_US","og_type":"article","og_title":"Testimonios","og_description":"Testimonio de Nuestros Clientes &#8220;Recib\u00ed el curso de Prevenci\u00f3n de Riesgos Laborales El\u00e9ctricos, lo cual me ha servido mucho para [&hellip;]","og_url":"https:\/\/itp.edu.ec\/en\/testimonios\/","og_site_name":"Instituto T\u00e9cnico del Petr\u00f3leo Minas e Industrias","article_modified_time":"2024-01-26T20:51:45+00:00","og_image":[{"url":"https:\/\/itp.edu.ec\/wp-content\/uploads\/2022\/07\/Alberto-Aldaz.jpg","type":"","width":"","height":""}],"twitter_card":"summary_large_image","twitter_misc":{"Est. reading time":"2 minutes"},"schema":{"@context":"https:\/\/schema.org","@graph":[{"@type":"WebPage","@id":"https:\/\/itp.edu.ec\/testimonios\/","url":"https:\/\/itp.edu.ec\/testimonios\/","name":"Testimonios - Instituto T\u00e9cnico del Petr\u00f3leo Minas e Industrias","isPartOf":{"@id":"https:\/\/itp.edu.ec\/#website"},"primaryImageOfPage":{"@id":"https:\/\/itp.edu.ec\/testimonios\/#primaryimage"},"image":{"@id":"https:\/\/itp.edu.ec\/testimonios\/#primaryimage"},"thumbnailUrl":"https:\/\/itp.edu.ec\/wp-content\/uploads\/2022\/07\/Alberto-Aldaz.jpg","datePublished":"2024-01-26T20:47:24+00:00","dateModified":"2024-01-26T20:51:45+00:00","breadcrumb":{"@id":"https:\/\/itp.edu.ec\/testimonios\/#breadcrumb"},"inLanguage":"en-US","potentialAction":[{"@type":"ReadAction","target":["https:\/\/itp.edu.ec\/testimonios\/"]}]},{"@type":"ImageObject","inLanguage":"en-US","@id":"https:\/\/itp.edu.ec\/testimonios\/#primaryimage","url":"https:\/\/itp.edu.ec\/wp-content\/uploads\/2022\/07\/Alberto-Aldaz.jpg","contentUrl":"https:\/\/itp.edu.ec\/wp-content\/uploads\/2022\/07\/Alberto-Aldaz.jpg"},{"@type":"BreadcrumbList","@id":"https:\/\/itp.edu.ec\/testimonios\/#breadcrumb","itemListElement":[{"@type":"ListItem","position":1,"name":"Portada","item":"https:\/\/itp.edu.ec\/"},{"@type":"ListItem","position":2,"name":"Testimonios"}]},{"@type":"WebSite","@id":"https:\/\/itp.edu.ec\/#website","url":"https:\/\/itp.edu.ec\/","name":"Instituto T\u00e9cnico del Petr\u00f3leo Minas e Industrias","description":"Cursos de especialidades en Petr\u00f3leo, Minas e Industrias","publisher":{"@id":"https:\/\/itp.edu.ec\/#organization"},"potentialAction":[{"@type":"SearchAction","target":{"@type":"EntryPoint","urlTemplate":"https:\/\/itp.edu.ec\/?s={search_term_string}"},"query-input":{"@type":"PropertyValueSpecification","valueRequired":true,"valueName":"search_term_string"}}],"inLanguage":"en-US"},{"@type":"Organization","@id":"https:\/\/itp.edu.ec\/#organization","name":"Instituto T\u00e9cnico del Petr\u00f3leo Minas e Industrias","url":"https:\/\/itp.edu.ec\/","logo":{"@type":"ImageObject","inLanguage":"en-US","@id":"https:\/\/itp.edu.ec\/#\/schema\/logo\/image\/","url":"https:\/\/itp.edu.ec\/wp-content\/uploads\/2022\/06\/logo_ITP_dark.png","contentUrl":"https:\/\/itp.edu.ec\/wp-content\/uploads\/2022\/06\/logo_ITP_dark.png","width":205,"height":90,"caption":"Instituto T\u00e9cnico del Petr\u00f3leo Minas e Industrias"},"image":{"@id":"https:\/\/itp.edu.ec\/#\/schema\/logo\/image\/"}}]}},"_links":{"self":[{"href":"https:\/\/itp.edu.ec\/en\/wp-json\/wp\/v2\/pages\/10170","targetHints":{"allow":["GET"]}}],"collection":[{"href":"https:\/\/itp.edu.ec\/en\/wp-json\/wp\/v2\/pages"}],"about":[{"href":"https:\/\/itp.edu.ec\/en\/wp-json\/wp\/v2\/types\/page"}],"author":[{"embeddable":true,"href":"https:\/\/itp.edu.ec\/en\/wp-json\/wp\/v2\/users\/2"}],"replies":[{"embeddable":true,"href":"https:\/\/itp.edu.ec\/en\/wp-json\/wp\/v2\/comments?post=10170"}],"version-history":[{"count":5,"href":"https:\/\/itp.edu.ec\/en\/wp-json\/wp\/v2\/pages\/10170\/revisions"}],"predecessor-version":[{"id":10180,"href":"https:\/\/itp.edu.ec\/en\/wp-json\/wp\/v2\/pages\/10170\/revisions\/10180"}],"wp:attachment":[{"href":"https:\/\/itp.edu.ec\/en\/wp-json\/wp\/v2\/media?parent=10170"}],"curies":[{"name":"wp","href":"https:\/\/api.w.org\/{rel}","templated":true}]}}